{"id":1842,"date":"2022-04-18T16:12:49","date_gmt":"2022-04-18T16:12:49","guid":{"rendered":"https:\/\/www.supplychainalliance.ca\/accessibility-policy\/"},"modified":"2023-04-24T18:42:32","modified_gmt":"2023-04-24T18:42:32","slug":"politique-daccessibilite","status":"publish","type":"page","link":"https:\/\/www.supplychainalliance.ca\/fr\/politique-daccessibilite\/","title":{"rendered":"Politique d&#8217;Accessibilit\u00e9"},"content":{"rendered":"<div class=\"core-block-wrapper paragraph\">\n<p><\/p>\n<\/div>\n\n<div class=\"core-block-wrapper heading\">\n<h1 class=\"wp-block-heading\">Politique d&#8217;Accessibilit\u00e9<\/h1>\n<\/div>\n\n<div class=\"core-block-wrapper heading\">\n<h2 class=\"wp-block-heading\">D\u00e9finis dans nos Valeurs<\/h2>\n<\/div>\n\n<div class=\"core-block-wrapper paragraph\">\n<p>\u00ab&nbsp;(Nous agissons avec) honn\u00eatet\u00e9, int\u00e9grit\u00e9 et transparence&nbsp;\u00bb <\/p>\n<\/div>\n\n<div class=\"core-block-wrapper paragraph\">\n<p>\u00ab&nbsp;(Nous embrassons) la diversit\u00e9, (accueillons) le d\u00e9fi (des id\u00e9es) et traitons tout le monde avec respect&nbsp;\u00bb<\/p>\n<\/div>\n\n<div class=\"core-block-wrapper heading\">\n<h2 class=\"wp-block-heading\">Politique d&#8217;Accessibilit\u00e9<\/h2>\n<\/div>\n\n<div class=\"core-block-wrapper heading\">\n<h3 class=\"wp-block-heading\">But :<\/h3>\n<\/div>\n\n<div class=\"core-block-wrapper paragraph\">\n<p>Supply Chain Alliance s&#8217;engage \u00e0 respecter l&#8217;accessibilit\u00e9 num\u00e9rique et \u00e0 se conformer aux Lignes directrices sur l&#8217;accessibilit\u00e9 du contenu Web (WCAG) 2.0, niveaux A et AA, ainsi qu&#8217;aux exigences de communication efficaces de la Loi sur l&#8217;accessibilit\u00e9 pour les personnes handicap\u00e9es de l&#8217;Ontario (LAPHO) et aux autres exigences et r\u00e8glements applicables.<\/p>\n<\/div>\n\n<div class=\"core-block-wrapper heading\">\n<h3 class=\"wp-block-heading\">Engagement&nbsp;:<\/h3>\n<\/div>\n\n<div class=\"core-block-wrapper paragraph\">\n<p>Supply Chain Alliance s&#8217;engage \u00e0 r\u00e9pondre aux besoins des personnes handicap\u00e9es et \u00e0 satisfaire aux exigences d&#8217;accessibilit\u00e9 en vertu de la LAPHO. Nous nous engageons \u00e0 fournir nos services d&#8217;une mani\u00e8re accessible au public et respectueuse de la dignit\u00e9, de l&#8217;ind\u00e9pendance et de l&#8217;int\u00e9gration des personnes handicap\u00e9es. Nous exercerons nos fonctions et responsabilit\u00e9s comme suit\u00a0:<\/p>\n<\/div>\n\n<div class=\"core-block-wrapper heading\">\n<h3 class=\"wp-block-heading\">Communication&nbsp;:<\/h3>\n<\/div>\n\n<div class=\"core-block-wrapper paragraph\">\n<p>Nous communiquerons avec les personnes handicap\u00e9es d&#8217;une mani\u00e8re qui tient compte des besoins des personnes handicap\u00e9es. Nous formerons nos employ\u00e9s qui communiquent avec le public sur la fa\u00e7on d&#8217;interagir et de communiquer avec des personnes ayant divers handicaps.<\/p>\n<\/div>\n\n<div class=\"core-block-wrapper heading\">\n<h3 class=\"wp-block-heading\">Disponibilit\u00e9 des Documents&nbsp;:<\/h3>\n<\/div>\n\n<div class=\"core-block-wrapper paragraph\">\n<p>Des versions accessibles des informations \u00e9crites et d&#8217;autres formes de communication, y compris les PDF, peuvent \u00eatre rendues accessibles sur demande directe, gratuitement, en nous contactant.<\/p>\n<\/div>\n\n<div class=\"core-block-wrapper heading\">\n<h3 class=\"wp-block-heading\">Formation pour notre personnel&nbsp;:<\/h3>\n<\/div>\n\n<div class=\"core-block-wrapper paragraph\">\n<p>Nous offrirons une formation \u00e0 nos employ\u00e9s qui traitent avec le public, \u00e0 ceux qui fournissent des services en notre nom aux clients et \u00e0 ceux qui participent \u00e0 l&#8217;\u00e9laboration et \u00e0 l&#8217;approbation des politiques, des pratiques et des proc\u00e9dures. Nos employ\u00e9s recevront une formation continue au fur et \u00e0 mesure que des modifications seront apport\u00e9es \u00e0 la pr\u00e9sente politique ou \u00e0 toute exigence en vertu de la LAPHO et du Code des droits de la personne, et les nouvelles recrues recevront une formation dans le cadre de leur orientation \u00e0 l&#8217;embauche. La formation peut \u00eatre fournie sous diff\u00e9rents formats, mais comprendra&nbsp;:<br>\u2022 l&#8217;objet de la LAPHO et les exigences de la norme de service \u00e0 la client\u00e8le<\/p>\n<\/div>\n\n<div class=\"core-block-wrapper paragraph\">\n<p>\u2022 un examen de cette politique et d&#8217;autres pratiques et proc\u00e9dures li\u00e9es \u00e0 la norme de service \u00e0 la client\u00e8le <\/p>\n<\/div>\n\n<div class=\"core-block-wrapper paragraph\">\n<p>comment interagir et communiquer avec une personne ayant divers types de handicaps <\/p>\n<\/div>\n\n<div class=\"core-block-wrapper paragraph\">\n<p>\u2022 comment interagir avec les personnes qui utilisent un appareil fonctionnel ou qui ont besoin de l&#8217;aide d&#8217;un animal d&#8217;assistance ou d&#8217;une personne de soutien <\/p>\n<\/div>\n\n<div class=\"core-block-wrapper paragraph\">\n<p>\u2022 comment utiliser les appareils fonctionnels disponibles dans nos locaux qui peuvent aider \u00e0 la prestation de services aux personnes handicap\u00e9es <\/p>\n<\/div>\n\n<div class=\"core-block-wrapper paragraph\">\n<p>\u2022 que faire si une personne handicap\u00e9e a de la difficult\u00e9 \u00e0 acc\u00e9der \u00e0 nos services<\/p>\n<\/div>\n\n<div class=\"core-block-wrapper heading\">\n<h3 class=\"wp-block-heading\">Confidentialit\u00e9&nbsp;:<\/h3>\n<\/div>\n\n<div class=\"core-block-wrapper paragraph\">\n<p>Toutes les informations sur un handicap sont personnelles et priv\u00e9es et doivent \u00eatre trait\u00e9es de mani\u00e8re confidentielle.<\/p>\n<\/div>\n\n<div class=\"core-block-wrapper heading\">\n<h3 class=\"wp-block-heading\">Processus de r\u00e9troaction&nbsp;:<\/h3>\n<\/div>\n\n<div class=\"core-block-wrapper paragraph\">\n<p>Vos commentaires sont importants. Les commentaires sur nos services sont les bienvenus et appr\u00e9ci\u00e9s. Les commentaires concernant la fa\u00e7on dont nous fournissons des services aux personnes handicap\u00e9es peuvent \u00eatre envoy\u00e9s par courrier \u00e9lectronique. Tous les commentaires re\u00e7us seront examin\u00e9s et il y sera r\u00e9pondu. E-Mail <a href=\"mailto:info@supplychainalliance.ca\">info@supplychainalliance.ca<\/a><\/p>\n<\/div>","protected":false},"excerpt":{"rendered":"<p>Politique d&#8217;Accessibilit\u00e9 D\u00e9finis dans nos Valeurs \u00ab&nbsp;(Nous agissons avec) honn\u00eatet\u00e9, int\u00e9grit\u00e9 et transparence&nbsp;\u00bb \u00ab&nbsp;(Nous embrassons) la diversit\u00e9, (accueillons) le d\u00e9fi (des id\u00e9es) et traitons tout&#8230;<\/p>\n","protected":false},"author":7,"featured_media":0,"parent":0,"menu_order":0,"comment_status":"closed","ping_status":"closed","template":"page-templates\/page-long-form.php","meta":{"_acf_changed":false,"footnotes":""},"class_list":["post-1842","page","type-page","status-publish","hentry"],"acf":[],"yoast_head":"<!-- This site is optimized with the Yoast SEO plugin v25.4 - https:\/\/yoast.com\/wordpress\/plugins\/seo\/ -->\n<title>Politique d&#039;Accessibilit\u00e9 | Supply Chain Alliance<\/title>\n<meta name=\"description\" content=\"La politique d&#039;accessibilit\u00e9 de Supply Chain Alliance d\u00e9taille son engagement \u00e0 fournir \u00e0 toutes les personnes un acc\u00e8s \u00e9gal \u00e0 nos biens, services et installations.\" \/>\n<meta name=\"robots\" content=\"index, follow, max-snippet:-1, max-image-preview:large, max-video-preview:-1\" \/>\n<link rel=\"canonical\" href=\"https:\/\/www.supplychainalliance.ca\/fr\/politique-daccessibilite\/\" \/>\n<meta property=\"og:locale\" content=\"fr_FR\" \/>\n<meta property=\"og:type\" content=\"article\" \/>\n<meta property=\"og:title\" content=\"Politique d&#039;Accessibilit\u00e9 | Supply Chain Alliance\" \/>\n<meta property=\"og:description\" content=\"La politique d&#039;accessibilit\u00e9 de Supply Chain Alliance d\u00e9taille son engagement \u00e0 fournir \u00e0 toutes les personnes un acc\u00e8s \u00e9gal \u00e0 nos biens, services et installations.\" \/>\n<meta property=\"og:url\" content=\"https:\/\/www.supplychainalliance.ca\/fr\/politique-daccessibilite\/\" \/>\n<meta property=\"og:site_name\" content=\"Supply Chain Alliance\" \/>\n<meta property=\"article:modified_time\" content=\"2023-04-24T18:42:32+00:00\" \/>\n<meta name=\"twitter:card\" content=\"summary_large_image\" \/>\n<meta name=\"twitter:label1\" content=\"Est. reading time\" \/>\n\t<meta name=\"twitter:data1\" content=\"3 minutes\" \/>\n<script type=\"application\/ld+json\" class=\"yoast-schema-graph\">{\"@context\":\"https:\/\/schema.org\",\"@graph\":[{\"@type\":\"WebPage\",\"@id\":\"https:\/\/www.supplychainalliance.ca\/fr\/politique-daccessibilite\/\",\"url\":\"https:\/\/www.supplychainalliance.ca\/fr\/politique-daccessibilite\/\",\"name\":\"Politique d'Accessibilit\u00e9 | Supply Chain Alliance\",\"isPartOf\":{\"@id\":\"https:\/\/www.supplychainalliance.ca\/fr\/#website\"},\"datePublished\":\"2022-04-18T16:12:49+00:00\",\"dateModified\":\"2023-04-24T18:42:32+00:00\",\"description\":\"La politique d'accessibilit\u00e9 de Supply Chain Alliance d\u00e9taille son engagement \u00e0 fournir \u00e0 toutes les personnes un acc\u00e8s \u00e9gal \u00e0 nos biens, services et installations.\",\"breadcrumb\":{\"@id\":\"https:\/\/www.supplychainalliance.ca\/fr\/politique-daccessibilite\/#breadcrumb\"},\"inLanguage\":\"fr-FR\",\"potentialAction\":[{\"@type\":\"ReadAction\",\"target\":[\"https:\/\/www.supplychainalliance.ca\/fr\/politique-daccessibilite\/\"]}]},{\"@type\":\"BreadcrumbList\",\"@id\":\"https:\/\/www.supplychainalliance.ca\/fr\/politique-daccessibilite\/#breadcrumb\",\"itemListElement\":[{\"@type\":\"ListItem\",\"position\":1,\"name\":\"Page d\u2019accueil\",\"item\":\"https:\/\/www.supplychainalliance.ca\/fr\/\"},{\"@type\":\"ListItem\",\"position\":2,\"name\":\"Politique d&#8217;Accessibilit\u00e9\"}]},{\"@type\":\"WebSite\",\"@id\":\"https:\/\/www.supplychainalliance.ca\/fr\/#website\",\"url\":\"https:\/\/www.supplychainalliance.ca\/fr\/\",\"name\":\"Supply Chain Alliance\",\"description\":\"Consultants en Gestion et Strat\u00e9gie de la Cha\u00eene d&#039;Approvisionnement\",\"publisher\":{\"@id\":\"https:\/\/www.supplychainalliance.ca\/fr\/#organization\"},\"alternateName\":\"Supply Chain Alliance\",\"potentialAction\":[{\"@type\":\"SearchAction\",\"target\":{\"@type\":\"EntryPoint\",\"urlTemplate\":\"https:\/\/www.supplychainalliance.ca\/fr\/?s={search_term_string}\"},\"query-input\":{\"@type\":\"PropertyValueSpecification\",\"valueRequired\":true,\"valueName\":\"search_term_string\"}}],\"inLanguage\":\"fr-FR\"},{\"@type\":\"Organization\",\"@id\":\"https:\/\/www.supplychainalliance.ca\/fr\/#organization\",\"name\":\"Supply Chain Alliance\",\"url\":\"https:\/\/www.supplychainalliance.ca\/fr\/\",\"logo\":{\"@type\":\"ImageObject\",\"inLanguage\":\"fr-FR\",\"@id\":\"https:\/\/www.supplychainalliance.ca\/fr\/#\/schema\/logo\/image\/\",\"url\":\"https:\/\/www.supplychainalliance.ca\/app\/uploads\/2022\/12\/logo.png\",\"contentUrl\":\"https:\/\/www.supplychainalliance.ca\/app\/uploads\/2022\/12\/logo.png\",\"width\":237,\"height\":75,\"caption\":\"Supply Chain Alliance\"},\"image\":{\"@id\":\"https:\/\/www.supplychainalliance.ca\/fr\/#\/schema\/logo\/image\/\"},\"sameAs\":[\"https:\/\/www.linkedin.com\/company\/supply-chain-alliance-partners\/\"]}]}<\/script>\n<!-- \/ Yoast SEO plugin. -->","yoast_head_json":{"title":"Politique d'Accessibilit\u00e9 | Supply Chain Alliance","description":"La politique d'accessibilit\u00e9 de Supply Chain Alliance d\u00e9taille son engagement \u00e0 fournir \u00e0 toutes les personnes un acc\u00e8s \u00e9gal \u00e0 nos biens, services et installations.","robots":{"index":"index","follow":"follow","max-snippet":"max-snippet:-1","max-image-preview":"max-image-preview:large","max-video-preview":"max-video-preview:-1"},"canonical":"https:\/\/www.supplychainalliance.ca\/fr\/politique-daccessibilite\/","og_locale":"fr_FR","og_type":"article","og_title":"Politique d'Accessibilit\u00e9 | Supply Chain Alliance","og_description":"La politique d'accessibilit\u00e9 de Supply Chain Alliance d\u00e9taille son engagement \u00e0 fournir \u00e0 toutes les personnes un acc\u00e8s \u00e9gal \u00e0 nos biens, services et installations.","og_url":"https:\/\/www.supplychainalliance.ca\/fr\/politique-daccessibilite\/","og_site_name":"Supply Chain Alliance","article_modified_time":"2023-04-24T18:42:32+00:00","twitter_card":"summary_large_image","twitter_misc":{"Est. reading time":"3 minutes"},"schema":{"@context":"https:\/\/schema.org","@graph":[{"@type":"WebPage","@id":"https:\/\/www.supplychainalliance.ca\/fr\/politique-daccessibilite\/","url":"https:\/\/www.supplychainalliance.ca\/fr\/politique-daccessibilite\/","name":"Politique d'Accessibilit\u00e9 | Supply Chain Alliance","isPartOf":{"@id":"https:\/\/www.supplychainalliance.ca\/fr\/#website"},"datePublished":"2022-04-18T16:12:49+00:00","dateModified":"2023-04-24T18:42:32+00:00","description":"La politique d'accessibilit\u00e9 de Supply Chain Alliance d\u00e9taille son engagement \u00e0 fournir \u00e0 toutes les personnes un acc\u00e8s \u00e9gal \u00e0 nos biens, services et installations.","breadcrumb":{"@id":"https:\/\/www.supplychainalliance.ca\/fr\/politique-daccessibilite\/#breadcrumb"},"inLanguage":"fr-FR","potentialAction":[{"@type":"ReadAction","target":["https:\/\/www.supplychainalliance.ca\/fr\/politique-daccessibilite\/"]}]},{"@type":"BreadcrumbList","@id":"https:\/\/www.supplychainalliance.ca\/fr\/politique-daccessibilite\/#breadcrumb","itemListElement":[{"@type":"ListItem","position":1,"name":"Page d\u2019accueil","item":"https:\/\/www.supplychainalliance.ca\/fr\/"},{"@type":"ListItem","position":2,"name":"Politique d&#8217;Accessibilit\u00e9"}]},{"@type":"WebSite","@id":"https:\/\/www.supplychainalliance.ca\/fr\/#website","url":"https:\/\/www.supplychainalliance.ca\/fr\/","name":"Supply Chain Alliance","description":"Consultants en Gestion et Strat\u00e9gie de la Cha\u00eene d&#039;Approvisionnement","publisher":{"@id":"https:\/\/www.supplychainalliance.ca\/fr\/#organization"},"alternateName":"Supply Chain Alliance","potentialAction":[{"@type":"SearchAction","target":{"@type":"EntryPoint","urlTemplate":"https:\/\/www.supplychainalliance.ca\/fr\/?s={search_term_string}"},"query-input":{"@type":"PropertyValueSpecification","valueRequired":true,"valueName":"search_term_string"}}],"inLanguage":"fr-FR"},{"@type":"Organization","@id":"https:\/\/www.supplychainalliance.ca\/fr\/#organization","name":"Supply Chain Alliance","url":"https:\/\/www.supplychainalliance.ca\/fr\/","logo":{"@type":"ImageObject","inLanguage":"fr-FR","@id":"https:\/\/www.supplychainalliance.ca\/fr\/#\/schema\/logo\/image\/","url":"https:\/\/www.supplychainalliance.ca\/app\/uploads\/2022\/12\/logo.png","contentUrl":"https:\/\/www.supplychainalliance.ca\/app\/uploads\/2022\/12\/logo.png","width":237,"height":75,"caption":"Supply Chain Alliance"},"image":{"@id":"https:\/\/www.supplychainalliance.ca\/fr\/#\/schema\/logo\/image\/"},"sameAs":["https:\/\/www.linkedin.com\/company\/supply-chain-alliance-partners\/"]}]}},"_links":{"self":[{"href":"https:\/\/www.supplychainalliance.ca\/fr\/wp-json\/wp\/v2\/pages\/1842","targetHints":{"allow":["GET"]}}],"collection":[{"href":"https:\/\/www.supplychainalliance.ca\/fr\/wp-json\/wp\/v2\/pages"}],"about":[{"href":"https:\/\/www.supplychainalliance.ca\/fr\/wp-json\/wp\/v2\/types\/page"}],"author":[{"embeddable":true,"href":"https:\/\/www.supplychainalliance.ca\/fr\/wp-json\/wp\/v2\/users\/7"}],"replies":[{"embeddable":true,"href":"https:\/\/www.supplychainalliance.ca\/fr\/wp-json\/wp\/v2\/comments?post=1842"}],"version-history":[{"count":8,"href":"https:\/\/www.supplychainalliance.ca\/fr\/wp-json\/wp\/v2\/pages\/1842\/revisions"}],"predecessor-version":[{"id":2558,"href":"https:\/\/www.supplychainalliance.ca\/fr\/wp-json\/wp\/v2\/pages\/1842\/revisions\/2558"}],"wp:attachment":[{"href":"https:\/\/www.supplychainalliance.ca\/fr\/wp-json\/wp\/v2\/media?parent=1842"}],"curies":[{"name":"wp","href":"https:\/\/api.w.org\/{rel}","templated":true}]}}