{"id":1849,"date":"2021-03-26T16:21:00","date_gmt":"2021-03-26T16:21:00","guid":{"rendered":"https:\/\/www.supplychainalliance.ca\/privacy-policy\/"},"modified":"2023-04-24T18:40:35","modified_gmt":"2023-04-24T18:40:35","slug":"confidentialite","status":"publish","type":"page","link":"https:\/\/www.supplychainalliance.ca\/fr\/confidentialite\/","title":{"rendered":"Politique de Confidentialit\u00e9"},"content":{"rendered":"<div class=\"core-block-wrapper heading\">\n<h1 class=\"wp-block-heading\" id=\"who-we-are\">Politique de Confidentialit\u00e9<\/h1>\n<\/div>\n\n<div class=\"core-block-wrapper paragraph\">\n<p>Date d&#8217;entr\u00e9e en vigueur&nbsp;: 26&nbsp;mars 2021<\/p>\n<\/div>\n\n<div class=\"core-block-wrapper paragraph\">\n<p><br>Supply Chain Alliance LTD. (\u00ab\u00a0nous\u00a0\u00bb, \u00ab\u00a0notre\u00a0\u00bb et \u00ab\u00a0nos\u00a0\u00bb) s&#8217;engage \u00e0 prot\u00e9ger votre vie priv\u00e9e.<br>Cette politique de confidentialit\u00e9 explique comment Supply Chain Alliance collecte, utilise et divulgue les informations personnelles collect\u00e9es par, ou fournies \u00e0, Supply Chain Alliance dans le cadre de ses activit\u00e9s. Nous nous r\u00e9servons le droit de modifier les termes de cette politique \u00e0 tout moment. Lorsque nous apporterons des modifications, nous r\u00e9viserons la date indiqu\u00e9e en haut de la pr\u00e9sente politique. Nous vous encourageons \u00e0 consulter cette politique p\u00e9riodiquement.<\/p>\n<\/div>\n\n<div class=\"core-block-wrapper heading\">\n<h2 class=\"wp-block-heading\">Quels renseignements personnels recueillons-nous aupr\u00e8s de vous, et pourquoi?<\/h2>\n<\/div>\n\n<div class=\"core-block-wrapper paragraph\">\n<p>\u00ab&nbsp;Informations personnelles&nbsp;\u00bb d\u00e9signe toute information qui peut vous identifier, seule ou en combinaison avec d&#8217;autres informations. Nous pouvons collecter, ou \u00eatre fournis par un tiers, des informations personnelles comme suit&nbsp;:<\/p>\n<\/div>\n\n<div class=\"core-block-wrapper paragraph\">\n<p>\u2022 Informations fournies par nos clients (d\u00e9taillants et autres entreprises)&nbsp;: Les d\u00e9taillants ou autres entreprises aupr\u00e8s desquels vous avez effectu\u00e9 un achat peuvent nous fournir des informations personnelles telles que votre nom, adresse, num\u00e9ro de t\u00e9l\u00e9phone et adresse courriel. Nous utilisons ces informations personnelles uniquement pour ex\u00e9cuter nos services en ce qui concerne les produits que vous avez achet\u00e9s aupr\u00e8s de la soci\u00e9t\u00e9 concern\u00e9e. Nous pouvons \u00e9galement utiliser vos coordonn\u00e9es pour vous contacter au sujet de ces services.<\/p>\n<\/div>\n\n<div class=\"core-block-wrapper paragraph\">\n<p>\u2022 Informations que vous nous fournissez&nbsp;: Dans certaines circonstances, vous pouvez nous fournir vos informations personnelles directement lorsque vous contactez notre centre de contact. Dans de telles circonstances, nous pouvons collecter Nous utilisons ces informations personnelles pour faciliter votre transaction, y compris passer votre commande, planifier l&#8217;exp\u00e9dition de votre commande, faciliter les retours. Nous pouvons \u00e9galement utiliser vos coordonn\u00e9es pour vous contacter au sujet de votre commande. Dans la mesure o\u00f9 nous collectons des informations de paiement aupr\u00e8s de vous, nous le ferons conform\u00e9ment \u00e0 toutes les exigences PCI-DSS.<br><\/p>\n<\/div>\n\n<div class=\"core-block-wrapper heading\">\n<h2 class=\"wp-block-heading\">Quand partageons-nous des informations avec des tiers?&nbsp;<\/h2>\n<\/div>\n\n<div class=\"core-block-wrapper paragraph\">\n<p>Sauf indication contraire dans la pr\u00e9sente politique, Supply Chain Alliance ne divulgue ni ne vend vos informations personnelles \u00e0 des tiers. Nous pouvons toutefois partager vos informations dans les circonstances suivantes\u00a0:<\/p>\n<\/div>\n\n<div class=\"core-block-wrapper paragraph\">\n<p>\u2022 Nos affili\u00e9s. Nous pouvons divulguer vos informations personnelles \u00e0 l&#8217;une de nos soci\u00e9t\u00e9s affili\u00e9es au sein du groupe d&#8217;entreprises Supply Chain Alliance.\u00a0<br>\u2022 Fournisseurs de services\u00a0: Supply Chain Alliance peut divulguer vos informations personnelles \u00e0 des fournisseurs de services tiers qui fournissent des services en notre nom. Par exemple, nous pouvons engager d&#8217;autres soci\u00e9t\u00e9s pour fournir le stockage de donn\u00e9es, ex\u00e9cuter les commandes et les exp\u00e9ditions, aider au marketing, effectuer des audits, etc.<br>\u2022 Autre\u00a0: En cas d&#8217;acquisition ou de vente de Supply Chain Alliance et\/ou de ses actifs, nous pouvons \u00eatre tenus de divulguer vos informations personnelles \u00e0 une entit\u00e9 acheteuse. Nous nous r\u00e9servons le droit de divulguer vos renseignements personnels si la loi l&#8217;exige ou le permet.\u00a0<\/p>\n<\/div>\n\n<div class=\"core-block-wrapper heading\">\n<h2 class=\"wp-block-heading\">Comment prot\u00e9geons-nous vos informations personnelles?&nbsp;&nbsp;<\/h2>\n<\/div>\n\n<div class=\"core-block-wrapper paragraph\">\n<p>Nous prenons la protection de vos informations personnelles tr\u00e8s au s\u00e9rieux. Nous utilisons une gamme de mesures de protection con\u00e7ues pour prot\u00e9ger les renseignements personnels contre la perte et le vol ainsi que contre l&#8217;acc\u00e8s, la divulgation, la copie, l&#8217;utilisation et la modification non autoris\u00e9s, y compris des mesures physiques, organisationnelles et technologiques, proportionn\u00e9es \u00e0 la sensibilit\u00e9 de vos renseignements personnels. Nos employ\u00e9s n&#8217;ont acc\u00e8s \u00e0 vos informations personnelles que sur la base d&#8217;un strict besoin de savoir, sont form\u00e9s au traitement appropri\u00e9 de ces informations et sont tenus de garder ces informations personnelles confidentielles et de les utiliser uniquement aux fins pour lesquelles elles ont \u00e9t\u00e9 fournies.<\/p>\n<\/div>\n\n<div class=\"core-block-wrapper paragraph\">\n<p>Lorsque nous faisons appel \u00e0 des fournisseurs de services susceptibles d&#8217;avoir acc\u00e8s \u00e0 vos informations personnelles, nous leur demandons d&#8217;avoir des normes de confidentialit\u00e9 et de s\u00e9curit\u00e9 comparables aux n\u00f4tres. Nous utilisons des contrats et d&#8217;autres mesures avec nos fournisseurs de services pour maintenir la confidentialit\u00e9 et la s\u00e9curit\u00e9 de vos informations personnelles et pour emp\u00eacher qu&#8217;elles ne soient utilis\u00e9es \u00e0 d&#8217;autres fins.<\/p>\n<\/div>\n\n<div class=\"core-block-wrapper heading\">\n<h2 class=\"wp-block-heading\">Combien de temps conservons-nous vos informations personnelles?<\/h2>\n<\/div>\n\n<div class=\"core-block-wrapper paragraph\">\n<p>Nous ne conserverons vos informations personnelles que le temps n\u00e9cessaire \u00e0 la r\u00e9alisation des objectifs pour lesquels elles ont \u00e9t\u00e9 collect\u00e9es ou tel que requis par la loi. Vos informations personnelles sont stock\u00e9es en toute s\u00e9curit\u00e9 jusqu&#8217;\u00e0 ce qu&#8217;elles ne soient plus n\u00e9cessaires, apr\u00e8s quoi elles sont d\u00e9truites, ce qui les rend incapables de vous identifier.&nbsp;<\/p>\n<\/div>\n\n<div class=\"core-block-wrapper heading\">\n<h2 class=\"wp-block-heading\">Garder Vos Informations \u00c0 Jour<\/h2>\n<\/div>\n\n<div class=\"core-block-wrapper paragraph\">\n<p>Nous ne mettons pas \u00e0 jour les renseignements personnels que nous recueillons aupr\u00e8s de vous, sauf si cela est n\u00e9cessaire aux fins pour lesquelles ils ont \u00e9t\u00e9 recueillis. Dans le cas o\u00f9 il est n\u00e9cessaire de mettre \u00e0 jour vos informations personnelles aux fins pour lesquelles elles ont \u00e9t\u00e9 collect\u00e9es, nous vous contacterons pour vous fournir ces informations mises \u00e0 jour. Vous pouvez \u00e9galement nous contacter pour mettre \u00e0 jour vos informations personnelles.<\/p>\n<\/div>\n\n<div class=\"core-block-wrapper heading\">\n<h2 class=\"wp-block-heading\">Acc\u00e9der \u00e0 Vos Informations et R\u00e9pondre \u00e0 Vos Pr\u00e9occupations en Mati\u00e8re de Confidentialit\u00e9&nbsp;<\/h2>\n<\/div>\n\n<div class=\"core-block-wrapper paragraph\">\n<p>Sous r\u00e9serve de certaines exceptions prescrites par la loi applicable, vous avez le droit d&#8217;acc\u00e9der aux informations personnelles que nous d\u00e9tenons \u00e0 votre sujet et de faire r\u00e9pondre \u00e0 vos pr\u00e9occupations concernant nos politiques et pratiques. Pour acc\u00e9der \u00e0 vos informations, discuter de vos pr\u00e9occupations ou en savoir plus sur nos politiques et pratiques, veuillez consulter nos coordonn\u00e9es ci-dessous.&nbsp;&nbsp;<\/p>\n<\/div>\n\n<div class=\"core-block-wrapper heading\">\n<h2 class=\"wp-block-heading\">O\u00f9 pouvez-vous obtenir plus d&#8217;informations?<\/h2>\n<\/div>\n\n<div class=\"core-block-wrapper paragraph\">\n<p>Si vous souhaitez en savoir plus sur nos pratiques de confidentialit\u00e9 ou si vous souhaitez exercer certains droits en vertu de la pr\u00e9sente politique, veuillez nous contacter \u00e0 l&#8217;adresse ci-dessous&nbsp;:&nbsp;<br>1002, rue Sherbrooke Ouest <\/p>\n<\/div>\n\n<div class=\"core-block-wrapper paragraph\">\n<p>Suite&nbsp;2000 <\/p>\n<\/div>\n\n<div class=\"core-block-wrapper paragraph\">\n<p>Montr\u00e9al, Qu\u00e9bec <\/p>\n<\/div>\n\n<div class=\"core-block-wrapper paragraph\">\n<p>H3A 3L6&nbsp;<\/p>\n<\/div>","protected":false},"excerpt":{"rendered":"<p>Politique de Confidentialit\u00e9 Date d&#8217;entr\u00e9e en vigueur&nbsp;: 26&nbsp;mars 2021 Supply Chain Alliance LTD. (\u00ab\u00a0nous\u00a0\u00bb, \u00ab\u00a0notre\u00a0\u00bb et \u00ab\u00a0nos\u00a0\u00bb) s&#8217;engage \u00e0 prot\u00e9ger votre vie priv\u00e9e.Cette politique de&#8230;<\/p>\n","protected":false},"author":7,"featured_media":0,"parent":0,"menu_order":0,"comment_status":"closed","ping_status":"open","template":"page-templates\/page-long-form.php","meta":{"_acf_changed":false,"footnotes":""},"class_list":["post-1849","page","type-page","status-publish","hentry"],"acf":[],"yoast_head":"<!-- This site is optimized with the Yoast SEO plugin v25.4 - https:\/\/yoast.com\/wordpress\/plugins\/seo\/ -->\n<title>Politique de Confidentialit\u00e9 | Supply Chain Alliance<\/title>\n<meta name=\"description\" content=\"Alliance de la Cha\u00eene d&#039;Approvisionnement s&#039;engage \u00e0 prot\u00e9ger votre vie priv\u00e9e. Notre politique de confidentialit\u00e9 d\u00e9crit la mani\u00e8re dont nous collectons, utilisons et divulguons les informations personnelles.\" \/>\n<meta name=\"robots\" content=\"index, follow, max-snippet:-1, max-image-preview:large, max-video-preview:-1\" \/>\n<link rel=\"canonical\" href=\"https:\/\/www.supplychainalliance.ca\/fr\/confidentialite\/\" \/>\n<meta property=\"og:locale\" content=\"fr_FR\" \/>\n<meta property=\"og:type\" content=\"article\" \/>\n<meta property=\"og:title\" content=\"Politique de Confidentialit\u00e9 | Supply Chain Alliance\" \/>\n<meta property=\"og:description\" content=\"Alliance de la Cha\u00eene d&#039;Approvisionnement s&#039;engage \u00e0 prot\u00e9ger votre vie priv\u00e9e. Notre politique de confidentialit\u00e9 d\u00e9crit la mani\u00e8re dont nous collectons, utilisons et divulguons les informations personnelles.\" \/>\n<meta property=\"og:url\" content=\"https:\/\/www.supplychainalliance.ca\/fr\/confidentialite\/\" \/>\n<meta property=\"og:site_name\" content=\"Supply Chain Alliance\" \/>\n<meta property=\"article:modified_time\" content=\"2023-04-24T18:40:35+00:00\" \/>\n<meta name=\"twitter:card\" content=\"summary_large_image\" \/>\n<meta name=\"twitter:label1\" content=\"Est. reading time\" \/>\n\t<meta name=\"twitter:data1\" content=\"4 minutes\" \/>\n<script type=\"application\/ld+json\" class=\"yoast-schema-graph\">{\"@context\":\"https:\/\/schema.org\",\"@graph\":[{\"@type\":\"WebPage\",\"@id\":\"https:\/\/www.supplychainalliance.ca\/fr\/confidentialite\/\",\"url\":\"https:\/\/www.supplychainalliance.ca\/fr\/confidentialite\/\",\"name\":\"Politique de Confidentialit\u00e9 | Supply Chain Alliance\",\"isPartOf\":{\"@id\":\"https:\/\/www.supplychainalliance.ca\/fr\/#website\"},\"datePublished\":\"2021-03-26T16:21:00+00:00\",\"dateModified\":\"2023-04-24T18:40:35+00:00\",\"description\":\"Alliance de la Cha\u00eene d'Approvisionnement s'engage \u00e0 prot\u00e9ger votre vie priv\u00e9e. Notre politique de confidentialit\u00e9 d\u00e9crit la mani\u00e8re dont nous collectons, utilisons et divulguons les informations personnelles.\",\"breadcrumb\":{\"@id\":\"https:\/\/www.supplychainalliance.ca\/fr\/confidentialite\/#breadcrumb\"},\"inLanguage\":\"fr-FR\",\"potentialAction\":[{\"@type\":\"ReadAction\",\"target\":[\"https:\/\/www.supplychainalliance.ca\/fr\/confidentialite\/\"]}]},{\"@type\":\"BreadcrumbList\",\"@id\":\"https:\/\/www.supplychainalliance.ca\/fr\/confidentialite\/#breadcrumb\",\"itemListElement\":[{\"@type\":\"ListItem\",\"position\":1,\"name\":\"Page d\u2019accueil\",\"item\":\"https:\/\/www.supplychainalliance.ca\/fr\/\"},{\"@type\":\"ListItem\",\"position\":2,\"name\":\"Politique de Confidentialit\u00e9\"}]},{\"@type\":\"WebSite\",\"@id\":\"https:\/\/www.supplychainalliance.ca\/fr\/#website\",\"url\":\"https:\/\/www.supplychainalliance.ca\/fr\/\",\"name\":\"Supply Chain Alliance\",\"description\":\"Consultants en Gestion et Strat\u00e9gie de la Cha\u00eene d&#039;Approvisionnement\",\"publisher\":{\"@id\":\"https:\/\/www.supplychainalliance.ca\/fr\/#organization\"},\"alternateName\":\"Supply Chain Alliance\",\"potentialAction\":[{\"@type\":\"SearchAction\",\"target\":{\"@type\":\"EntryPoint\",\"urlTemplate\":\"https:\/\/www.supplychainalliance.ca\/fr\/?s={search_term_string}\"},\"query-input\":{\"@type\":\"PropertyValueSpecification\",\"valueRequired\":true,\"valueName\":\"search_term_string\"}}],\"inLanguage\":\"fr-FR\"},{\"@type\":\"Organization\",\"@id\":\"https:\/\/www.supplychainalliance.ca\/fr\/#organization\",\"name\":\"Supply Chain Alliance\",\"url\":\"https:\/\/www.supplychainalliance.ca\/fr\/\",\"logo\":{\"@type\":\"ImageObject\",\"inLanguage\":\"fr-FR\",\"@id\":\"https:\/\/www.supplychainalliance.ca\/fr\/#\/schema\/logo\/image\/\",\"url\":\"https:\/\/www.supplychainalliance.ca\/app\/uploads\/2022\/12\/logo.png\",\"contentUrl\":\"https:\/\/www.supplychainalliance.ca\/app\/uploads\/2022\/12\/logo.png\",\"width\":237,\"height\":75,\"caption\":\"Supply Chain Alliance\"},\"image\":{\"@id\":\"https:\/\/www.supplychainalliance.ca\/fr\/#\/schema\/logo\/image\/\"},\"sameAs\":[\"https:\/\/www.linkedin.com\/company\/supply-chain-alliance-partners\/\"]}]}<\/script>\n<!-- \/ Yoast SEO plugin. -->","yoast_head_json":{"title":"Politique de Confidentialit\u00e9 | Supply Chain Alliance","description":"Alliance de la Cha\u00eene d'Approvisionnement s'engage \u00e0 prot\u00e9ger votre vie priv\u00e9e. Notre politique de confidentialit\u00e9 d\u00e9crit la mani\u00e8re dont nous collectons, utilisons et divulguons les informations personnelles.","robots":{"index":"index","follow":"follow","max-snippet":"max-snippet:-1","max-image-preview":"max-image-preview:large","max-video-preview":"max-video-preview:-1"},"canonical":"https:\/\/www.supplychainalliance.ca\/fr\/confidentialite\/","og_locale":"fr_FR","og_type":"article","og_title":"Politique de Confidentialit\u00e9 | Supply Chain Alliance","og_description":"Alliance de la Cha\u00eene d'Approvisionnement s'engage \u00e0 prot\u00e9ger votre vie priv\u00e9e. Notre politique de confidentialit\u00e9 d\u00e9crit la mani\u00e8re dont nous collectons, utilisons et divulguons les informations personnelles.","og_url":"https:\/\/www.supplychainalliance.ca\/fr\/confidentialite\/","og_site_name":"Supply Chain Alliance","article_modified_time":"2023-04-24T18:40:35+00:00","twitter_card":"summary_large_image","twitter_misc":{"Est. reading time":"4 minutes"},"schema":{"@context":"https:\/\/schema.org","@graph":[{"@type":"WebPage","@id":"https:\/\/www.supplychainalliance.ca\/fr\/confidentialite\/","url":"https:\/\/www.supplychainalliance.ca\/fr\/confidentialite\/","name":"Politique de Confidentialit\u00e9 | Supply Chain Alliance","isPartOf":{"@id":"https:\/\/www.supplychainalliance.ca\/fr\/#website"},"datePublished":"2021-03-26T16:21:00+00:00","dateModified":"2023-04-24T18:40:35+00:00","description":"Alliance de la Cha\u00eene d'Approvisionnement s'engage \u00e0 prot\u00e9ger votre vie priv\u00e9e. Notre politique de confidentialit\u00e9 d\u00e9crit la mani\u00e8re dont nous collectons, utilisons et divulguons les informations personnelles.","breadcrumb":{"@id":"https:\/\/www.supplychainalliance.ca\/fr\/confidentialite\/#breadcrumb"},"inLanguage":"fr-FR","potentialAction":[{"@type":"ReadAction","target":["https:\/\/www.supplychainalliance.ca\/fr\/confidentialite\/"]}]},{"@type":"BreadcrumbList","@id":"https:\/\/www.supplychainalliance.ca\/fr\/confidentialite\/#breadcrumb","itemListElement":[{"@type":"ListItem","position":1,"name":"Page d\u2019accueil","item":"https:\/\/www.supplychainalliance.ca\/fr\/"},{"@type":"ListItem","position":2,"name":"Politique de Confidentialit\u00e9"}]},{"@type":"WebSite","@id":"https:\/\/www.supplychainalliance.ca\/fr\/#website","url":"https:\/\/www.supplychainalliance.ca\/fr\/","name":"Supply Chain Alliance","description":"Consultants en Gestion et Strat\u00e9gie de la Cha\u00eene d&#039;Approvisionnement","publisher":{"@id":"https:\/\/www.supplychainalliance.ca\/fr\/#organization"},"alternateName":"Supply Chain Alliance","potentialAction":[{"@type":"SearchAction","target":{"@type":"EntryPoint","urlTemplate":"https:\/\/www.supplychainalliance.ca\/fr\/?s={search_term_string}"},"query-input":{"@type":"PropertyValueSpecification","valueRequired":true,"valueName":"search_term_string"}}],"inLanguage":"fr-FR"},{"@type":"Organization","@id":"https:\/\/www.supplychainalliance.ca\/fr\/#organization","name":"Supply Chain Alliance","url":"https:\/\/www.supplychainalliance.ca\/fr\/","logo":{"@type":"ImageObject","inLanguage":"fr-FR","@id":"https:\/\/www.supplychainalliance.ca\/fr\/#\/schema\/logo\/image\/","url":"https:\/\/www.supplychainalliance.ca\/app\/uploads\/2022\/12\/logo.png","contentUrl":"https:\/\/www.supplychainalliance.ca\/app\/uploads\/2022\/12\/logo.png","width":237,"height":75,"caption":"Supply Chain Alliance"},"image":{"@id":"https:\/\/www.supplychainalliance.ca\/fr\/#\/schema\/logo\/image\/"},"sameAs":["https:\/\/www.linkedin.com\/company\/supply-chain-alliance-partners\/"]}]}},"_links":{"self":[{"href":"https:\/\/www.supplychainalliance.ca\/fr\/wp-json\/wp\/v2\/pages\/1849","targetHints":{"allow":["GET"]}}],"collection":[{"href":"https:\/\/www.supplychainalliance.ca\/fr\/wp-json\/wp\/v2\/pages"}],"about":[{"href":"https:\/\/www.supplychainalliance.ca\/fr\/wp-json\/wp\/v2\/types\/page"}],"author":[{"embeddable":true,"href":"https:\/\/www.supplychainalliance.ca\/fr\/wp-json\/wp\/v2\/users\/7"}],"replies":[{"embeddable":true,"href":"https:\/\/www.supplychainalliance.ca\/fr\/wp-json\/wp\/v2\/comments?post=1849"}],"version-history":[{"count":13,"href":"https:\/\/www.supplychainalliance.ca\/fr\/wp-json\/wp\/v2\/pages\/1849\/revisions"}],"predecessor-version":[{"id":2555,"href":"https:\/\/www.supplychainalliance.ca\/fr\/wp-json\/wp\/v2\/pages\/1849\/revisions\/2555"}],"wp:attachment":[{"href":"https:\/\/www.supplychainalliance.ca\/fr\/wp-json\/wp\/v2\/media?parent=1849"}],"curies":[{"name":"wp","href":"https:\/\/api.w.org\/{rel}","templated":true}]}}