{"id":1856,"date":"2022-04-18T16:12:08","date_gmt":"2022-04-18T16:12:08","guid":{"rendered":"https:\/\/www.supplychainalliance.ca\/terms-and-conditions\/"},"modified":"2023-04-24T18:38:21","modified_gmt":"2023-04-24T18:38:21","slug":"conditions","status":"publish","type":"page","link":"https:\/\/www.supplychainalliance.ca\/fr\/conditions\/","title":{"rendered":"Conditions g\u00e9n\u00e9rales"},"content":{"rendered":"<div class=\"core-block-wrapper heading\">\n<h1 class=\"wp-block-heading\">Conditions g\u00e9n\u00e9rales<\/h1>\n<\/div>\n\n<div class=\"core-block-wrapper heading\">\n<h3 class=\"wp-block-heading\">Conditions d&#8217;utilisation de ce Site Web<\/h3>\n<\/div>\n\n<div class=\"core-block-wrapper paragraph\">\n<p>Veuillez lire attentivement ces Conditions g\u00e9n\u00e9rales avant d&#8217;utiliser ce site Web. Ce sont les Conditions qui s&#8217;appliquent \u00e0 votre visite sur ce site Web. <\/p>\n<\/div>\n\n<div class=\"core-block-wrapper paragraph\">\n<p>Supply Chain Alliance LTD. se r\u00e9serve le droit de modifier ces Conditions concernant l&#8217;utilisation de son site Web, les Mentions l\u00e9gales, ainsi que la D\u00e9claration de confidentialit\u00e9.<\/p>\n<\/div>\n\n<div class=\"core-block-wrapper heading\">\n<h3 class=\"wp-block-heading\"><br>Acceptation des pr\u00e9sentes Conditions G\u00e9n\u00e9rales<\/h3>\n<\/div>\n\n<div class=\"core-block-wrapper paragraph\">\n<p>Ce site Web est offert \u00e0 l&#8217;Utilisateur sous r\u00e9serve de l&#8217;acceptation par l&#8217;Utilisateur (\u00abUtilisateur\u00bb) sans modification des Termes, Conditions et Avis contenus dans les pr\u00e9sentes. En acc\u00e9dant et en utilisant ce site Web, l&#8217;Utilisateur est r\u00e9put\u00e9 avoir accept\u00e9 tous ces Termes, Conditions et avis (le \u00abContrat\u00bb). <\/p>\n<\/div>\n\n<div class=\"core-block-wrapper paragraph\">\n<p>Les informations contenues sur ce site Web ont \u00e9t\u00e9 pr\u00e9par\u00e9es uniquement dans le but de fournir des informations sur Supply Chain Alliance, ses soci\u00e9t\u00e9s affili\u00e9es, soci\u00e9t\u00e9s li\u00e9es, filiales, partenaires et les services qu&#8217;ils offrent.<\/p>\n<\/div>\n\n<div class=\"core-block-wrapper heading\">\n<h3 class=\"wp-block-heading\"><br>Mentions L\u00e9gales<\/h3>\n<\/div>\n\n<div class=\"core-block-wrapper paragraph\">\n<p>Il ne constitue pas une offre de vente de titres ou de solutions de cha\u00eene d&#8217;approvisionnement et ne doit pas \u00eatre invoqu\u00e9 dans le cadre d&#8217;une d\u00e9cision d&#8217;investissement.<\/p>\n<\/div>\n\n<div class=\"core-block-wrapper paragraph\">\n<p>Les informations pr\u00e9sent\u00e9es ici ont \u00e9t\u00e9 compil\u00e9es par Supply Chain Alliance \u00e0 partir de sources internes et externes. Cependant, aucune repr\u00e9sentation n&#8217;est faite ou garantie n&#8217;est donn\u00e9e quant \u00e0 l&#8217;exhaustivit\u00e9 ou \u00e0 l&#8217;exactitude de ces informations. En particulier, vous devez savoir que ces informations peuvent \u00eatre incompl\u00e8tes, contenir des erreurs ou \u00eatre devenues obsol\u00e8tes. Vous devez donc v\u00e9rifier les informations obtenues sur ce site Web avant d&#8217;y donner suite en contactant votre bureau local de l&#8217;Alliance de la cha\u00eene d&#8217;approvisionnement.<\/p>\n<\/div>\n\n<div class=\"core-block-wrapper paragraph\">\n<p>En aucun cas, Supply Chain Alliance, ses soci\u00e9t\u00e9s affili\u00e9es, soci\u00e9t\u00e9s li\u00e9es, filiales, soci\u00e9t\u00e9s li\u00e9es, agents ou employ\u00e9s ne pourront \u00eatre tenus responsables des dommages r\u00e9sultant de votre acc\u00e8s ou de votre incapacit\u00e9 \u00e0 acc\u00e9der, ou de votre confiance dans les informations fournies sur ce site Web. <\/p>\n<\/div>\n\n<div class=\"core-block-wrapper paragraph\">\n<p>Toutes les informations sur ce site Web sont fournies \u00ab telles quelles \u00bb sans aucune garantie ou condition implicite de quelque nature que ce soit, expresse ou implicite, y compris, mais sans s&#8217;y limiter, toute garantie implicite ou condition implicite de qualit\u00e9 marchande, d&#8217;ad\u00e9quation \u00e0 un usage particulier ou de non-contrefa\u00e7on. Toutes ces conditions et garanties implicites sont exclues par la pr\u00e9sente.<\/p>\n<\/div>\n\n<div class=\"core-block-wrapper heading\">\n<h3 class=\"wp-block-heading\"><br>Utilisation des Documents et Avis de Droits d&#8217;auteur<\/h3>\n<\/div>\n\n<div class=\"core-block-wrapper paragraph\">\n<p>Votre autorisation d&#8217;acc\u00e9der au site Web est limit\u00e9e uniquement \u00e0 l&#8217;acc\u00e8s lui-m\u00eame et \u00e0 la navigation sur le site. Vous ne pouvez pas lier le site \u00e0 d&#8217;autres sites Web ou incorporer le site \u00e0 un autre site Web sans le consentement \u00e9crit de Supply Chain Alliance. Aucune information, logiciel, produit ou service obtenu \u00e0 partir de ce site Web ne peut \u00eatre modifi\u00e9, copi\u00e9, affich\u00e9, ex\u00e9cut\u00e9, conc\u00e9d\u00e9 sous licence, reproduit, republi\u00e9, t\u00e9l\u00e9charg\u00e9, affich\u00e9, transmis ou distribu\u00e9 de quelque mani\u00e8re que ce soit, sans l&#8217;autorisation \u00e9crite pr\u00e9alable de Supply Chain Alliance, sauf que l&#8217;Utilisateur peut t\u00e9l\u00e9charger une copie du mat\u00e9riel sur un seul ordinateur pour son usage domestique personnel uniquement, \u00e0 condition que l&#8217;Utilisateur conserve intact tous les droits d&#8217;auteur et autres avis de propri\u00e9t\u00e9 qui l&#8217;accompagnent.<\/p>\n<\/div>\n\n<div class=\"core-block-wrapper heading\">\n<h3 class=\"wp-block-heading\"><br>Droits d&#8217;Auteur et Marques de Commerce<\/h3>\n<\/div>\n\n<div class=\"core-block-wrapper paragraph\">\n<p>Les droits d&#8217;auteur de ce site Web et de tous les documents sur le site Web appartiennent \u00e0 Alliance de la Cha\u00eene d&#8217;Approvisionnement ou sont soumis \u00e0 une licence d\u00e9livr\u00e9e \u00e0 Supply Chain Alliance. Le site Web de Supply Chain Alliance ne peut \u00eatre reproduit, en tout ou en partie, sans le consentement \u00e9crit pr\u00e9alable expr\u00e8s de Supply Chain Alliance.<\/p>\n<\/div>\n\n<div class=\"core-block-wrapper paragraph\">\n<p>Supply Chain Alliance et toutes ses soci\u00e9t\u00e9s affili\u00e9es, leurs noms commerciaux, dessins et\/ou logos respectifs sont des marques commerciales ou des marques d\u00e9pos\u00e9es de Supply Chain Alliance ou de ses soci\u00e9t\u00e9s affili\u00e9es et ne peuvent \u00eatre copi\u00e9s, imit\u00e9s ou utilis\u00e9s, en tout ou en partie, sans l&#8217;autorisation \u00e9crite pr\u00e9alable de Supply Chain Alliance En outre, tous les en-t\u00eates de page, graphiques personnalis\u00e9s, ic\u00f4nes de boutons et scripts sont des marques commerciales et\/ou des habillages commerciaux de Supply Chain Alliance, et ne peuvent \u00eatre copi\u00e9s, imit\u00e9s ou utilis\u00e9s, en tout ou en partie, sans l&#8217;autorisation \u00e9crite pr\u00e9alable de Supply Chain Alliance. Toutes les autres marques de commerce, marques d\u00e9pos\u00e9es, noms de produits et noms de soci\u00e9t\u00e9s ou logos mentionn\u00e9s dans les pr\u00e9sentes sont la propri\u00e9t\u00e9 de leurs propri\u00e9taires respectifs.<\/p>\n<\/div>\n\n<div class=\"core-block-wrapper heading\">\n<h3 class=\"wp-block-heading\"><br>Utilisation des R\u00e9servations<\/h3>\n<\/div>\n\n<div class=\"core-block-wrapper paragraph\">\n<p>L&#8217;utilisateur d\u00e9clare et garantit qu&#8217;il poss\u00e8de le droit l\u00e9gal et la capacit\u00e9 de conclure cet Accord et d&#8217;utiliser ce site Web conform\u00e9ment aux Conditions des pr\u00e9sentes. L&#8217;Utilisateur accepte d&#8217;\u00eatre financi\u00e8rement responsable de toute utilisation de ce site Web (ainsi que de l&#8217;utilisation du compte de l&#8217;Utilisateur par d&#8217;autres, y compris, sans limitation, les mineurs vivant avec l&#8217;Utilisateur). L&#8217;Utilisateur accepte de ne pas c\u00e9der, transf\u00e9rer ou sous-licencier les droits de l&#8217;Utilisateur en vertu du pr\u00e9sent Accord. L&#8217;utilisateur accepte de superviser toute utilisation par des mineurs de ce site Web sous le nom ou le compte de l&#8217;utilisateur. L&#8217;utilisateur sera enti\u00e8rement responsable de tous les frais, frais, droits, taxes et \u00e9valuations d\u00e9coulant de l&#8217;utilisation de ce site Web.<\/p>\n<\/div>\n\n<div class=\"core-block-wrapper heading\">\n<h3 class=\"wp-block-heading\"><br>Exclusion de Responsabilit\u00e9<\/h3>\n<\/div>\n\n<div class=\"core-block-wrapper paragraph\">\n<p>Les informations, logiciels, produits et services publi\u00e9s sur ce site Web peuvent comporter des inexactitudes ou des erreurs typographiques. Des modifications sont p\u00e9riodiquement ajout\u00e9es aux informations contenues dans le pr\u00e9sent document. En aucun cas, Supply Chain Alliance, ses soci\u00e9t\u00e9s affili\u00e9es, soci\u00e9t\u00e9s affili\u00e9es, filiales, agents, employ\u00e9s et\/ou ses fournisseurs ne pourront \u00eatre tenus responsables de tout dommage direct, indirect, punitif, accessoire, exemplaire, sp\u00e9cial ou cons\u00e9cutif d\u00e9coulant de ou li\u00e9 de quelque mani\u00e8re que ce soit \u00e0 l&#8217;utilisation de ce site Web ou pour toute information, produit et\/ou service obtenu aux pr\u00e9sentes, que ce soit sur la base d&#8217;un contrat, d&#8217;un d\u00e9lit, d&#8217;une responsabilit\u00e9 stricte ou autre, m\u00eame si Supply Chain Alliance, ses soci\u00e9t\u00e9s affili\u00e9es, soci\u00e9t\u00e9s affili\u00e9es, filiales, agents, employ\u00e9s et\/ou ses fournisseurs ont \u00e9t\u00e9 inform\u00e9s de la possibilit\u00e9 de dommages.<\/p>\n<\/div>\n\n<div class=\"core-block-wrapper paragraph\">\n<p>Supply Chain Alliance ne d\u00e9clare ni ne garantit que ce site Web ou ses serveurs sont exempts de virus ou d&#8217;autres composants nuisibles, m\u00eame si Supply Chain Alliance ou ses repr\u00e9sentants autoris\u00e9s ont \u00e9t\u00e9 inform\u00e9s de la possibilit\u00e9 de tels dommages. L&#8217;utilisateur accepte express\u00e9ment que l&#8217;utilisation de ce site Web, y compris tout le contenu, les donn\u00e9es ou les logiciels distribu\u00e9s par, t\u00e9l\u00e9charg\u00e9s ou accessibles \u00e0 partir ou via ce site Web, se fait aux risques et p\u00e9rils de l&#8217;Utilisateur.<\/p>\n<\/div>\n\n<div class=\"core-block-wrapper heading\">\n<h3 class=\"wp-block-heading\"><br>Indemnit\u00e9<\/h3>\n<\/div>\n\n<div class=\"core-block-wrapper paragraph\">\n<p>Comme condition d&#8217;utilisation de ce site Web, l&#8217;Utilisateur accepte d&#8217;indemniser Supply Chain Alliance, ses soci\u00e9t\u00e9s affili\u00e9es, soci\u00e9t\u00e9s li\u00e9es, filiales, agents, employ\u00e9s et\/ou ses fournisseurs de et contre toutes responsabilit\u00e9s, r\u00e9clamations, pertes, d\u00e9penses (y compris les honoraires d&#8217;avocat) et dommages r\u00e9sultant de r\u00e9clamations r\u00e9sultant de l&#8217;utilisation de ce site Web par l&#8217;Utilisateur.<\/p>\n<\/div>\n\n<div class=\"core-block-wrapper heading\">\n<h3 class=\"wp-block-heading\"><br>Liens vers d&#8217;Autres Sites Web<\/h3>\n<\/div>\n\n<div class=\"core-block-wrapper paragraph\">\n<p>Ce site Web peut contenir des liens ou des r\u00e9f\u00e9rences \u00e0 d&#8217;autres sites Web qui ne sont pas g\u00e9r\u00e9s par Supply Chain Alliance. Supply Chain Alliance n&#8217;est pas responsable du contenu de ces sites Web et ne sera pas responsable des dommages d\u00e9coulant du contenu de ces sites Web. Les liens et r\u00e9f\u00e9rences de tiers sont inclus uniquement pour la commodit\u00e9 des utilisateurs et n&#8217;impliquent aucune approbation ou garantie de la Supply Chain Alliance.<\/p>\n<\/div>\n\n<div class=\"core-block-wrapper paragraph\">\n<p>Tout tiers souhaitant \u00e9tablir des liens vers ce site Web doit informer Supply Chain Alliance de son intention avant de le faire. Supply Chain Alliance se r\u00e9serve le droit de refuser l&#8217;autorisation de tels liens vers ce site Web. Si toutefois Supply Chain Alliance donne son autorisation pour de tels liens, Supply Chain Alliance n&#8217;est pas tenue d&#8217;\u00e9tablir des liens r\u00e9ciproques avec le tiers respectif.<\/p>\n<\/div>\n\n<div class=\"core-block-wrapper paragraph\">\n<p>Certains liens de ce site Web se connectent \u00e0 d&#8217;autres sites Web g\u00e9r\u00e9s par des tiers sur lesquels Supply Chain Alliance n&#8217;a aucun contr\u00f4le. Supply Chain Alliance ne fait aucune d\u00e9claration quant \u00e0 l&#8217;exactitude ou \u00e0 tout autre aspect des informations contenues dans d&#8217;autres sites Web. En acc\u00e9dant \u00e0 ce site Web, vous acceptez que Supply Chain Alliance ne soit pas responsable des pertes directes ou indirectes r\u00e9sultant de l&#8217;utilisation des informations et du mat\u00e9riel contenus sur ce site Web.<\/p>\n<\/div>\n\n<div class=\"core-block-wrapper heading\">\n<h3 class=\"wp-block-heading\"><br>Modifications des pr\u00e9sentes Conditions G\u00e9n\u00e9rales<\/h3>\n<\/div>\n\n<div class=\"core-block-wrapper paragraph\">\n<p>Supply Chain Alliance se r\u00e9serve le droit de modifier le pr\u00e9sent Accord \u00e0 tout moment en r\u00e9visant les Conditions des pr\u00e9sentes. L&#8217;Utilisateur est responsable de la r\u00e9vision r\u00e9guli\u00e8re de ces Conditions. L&#8217;utilisation continue de ce site Web apr\u00e8s de telles modifications constitue l&#8217;acceptation de ces modifications par l&#8217;utilisateur.<\/p>\n<\/div>\n\n<div class=\"core-block-wrapper heading\">\n<h3 class=\"wp-block-heading\"><br>Divisibilit\u00e9<\/h3>\n<\/div>\n\n<div class=\"core-block-wrapper paragraph\">\n<p>Si une disposition des pr\u00e9sentes conditions est jug\u00e9e ill\u00e9gale, nulle ou inapplicable pour quelque raison que ce soit, cette disposition sera r\u00e9put\u00e9e \u00eatre s\u00e9par\u00e9e du reste des pr\u00e9sentes conditions et n&#8217;affectera pas la validit\u00e9 et l&#8217;applicabilit\u00e9 des dispositions restantes.<\/p>\n<\/div>\n\n<div class=\"core-block-wrapper heading\">\n<h3 class=\"wp-block-heading\"><br>Lois du Canada<\/h3>\n<\/div>\n\n<div class=\"core-block-wrapper paragraph\">\n<p>L&#8217;utilisation de ce site Web est r\u00e9gie par les lois provinciales et f\u00e9d\u00e9rales du Canada. Les lois de votre juridiction peuvent \u00eatre plus ou moins strictes que les lois qui s&#8217;appliquent \u00e0 ce site Web. Si vous acc\u00e9dez \u00e0 ce site Web depuis l&#8217;ext\u00e9rieur du Canada, vous le faites \u00e0 vos propres risques et \u00eates responsable du respect des lois de votre juridiction.<\/p>\n<\/div>","protected":false},"excerpt":{"rendered":"<p>Conditions g\u00e9n\u00e9rales Conditions d&#8217;utilisation de ce Site Web Veuillez lire attentivement ces Conditions g\u00e9n\u00e9rales avant d&#8217;utiliser ce site Web. Ce sont les Conditions qui s&#8217;appliquent&#8230;<\/p>\n","protected":false},"author":7,"featured_media":0,"parent":0,"menu_order":0,"comment_status":"closed","ping_status":"closed","template":"page-templates\/page-long-form.php","meta":{"_acf_changed":false,"footnotes":""},"class_list":["post-1856","page","type-page","status-publish","hentry"],"acf":[],"yoast_head":"<!-- This site is optimized with the Yoast SEO plugin v25.4 - https:\/\/yoast.com\/wordpress\/plugins\/seo\/ -->\n<title>Conditions g\u00e9n\u00e9rales | Supply Chain Alliance<\/title>\n<meta name=\"description\" content=\"Lisez les conditions g\u00e9n\u00e9rales de Supply Chain Alliance pour l&#039;utilisation de ce site Web. Ces conditions s&#039;appliquent \u00e0 votre visite sur ce site Web.\" \/>\n<meta name=\"robots\" content=\"index, follow, max-snippet:-1, max-image-preview:large, max-video-preview:-1\" \/>\n<link rel=\"canonical\" href=\"https:\/\/www.supplychainalliance.ca\/fr\/conditions\/\" \/>\n<meta property=\"og:locale\" content=\"fr_FR\" \/>\n<meta property=\"og:type\" content=\"article\" \/>\n<meta property=\"og:title\" content=\"Conditions g\u00e9n\u00e9rales | Supply Chain Alliance\" \/>\n<meta property=\"og:description\" content=\"Lisez les conditions g\u00e9n\u00e9rales de Supply Chain Alliance pour l&#039;utilisation de ce site Web. Ces conditions s&#039;appliquent \u00e0 votre visite sur ce site Web.\" \/>\n<meta property=\"og:url\" content=\"https:\/\/www.supplychainalliance.ca\/fr\/conditions\/\" \/>\n<meta property=\"og:site_name\" content=\"Supply Chain Alliance\" \/>\n<meta property=\"article:modified_time\" content=\"2023-04-24T18:38:21+00:00\" \/>\n<meta name=\"twitter:card\" content=\"summary_large_image\" \/>\n<meta name=\"twitter:label1\" content=\"Est. reading time\" \/>\n\t<meta name=\"twitter:data1\" content=\"7 minutes\" \/>\n<script type=\"application\/ld+json\" class=\"yoast-schema-graph\">{\"@context\":\"https:\/\/schema.org\",\"@graph\":[{\"@type\":\"WebPage\",\"@id\":\"https:\/\/www.supplychainalliance.ca\/fr\/conditions\/\",\"url\":\"https:\/\/www.supplychainalliance.ca\/fr\/conditions\/\",\"name\":\"Conditions g\u00e9n\u00e9rales | Supply Chain Alliance\",\"isPartOf\":{\"@id\":\"https:\/\/www.supplychainalliance.ca\/fr\/#website\"},\"datePublished\":\"2022-04-18T16:12:08+00:00\",\"dateModified\":\"2023-04-24T18:38:21+00:00\",\"description\":\"Lisez les conditions g\u00e9n\u00e9rales de Supply Chain Alliance pour l'utilisation de ce site Web. Ces conditions s'appliquent \u00e0 votre visite sur ce site Web.\",\"breadcrumb\":{\"@id\":\"https:\/\/www.supplychainalliance.ca\/fr\/conditions\/#breadcrumb\"},\"inLanguage\":\"fr-FR\",\"potentialAction\":[{\"@type\":\"ReadAction\",\"target\":[\"https:\/\/www.supplychainalliance.ca\/fr\/conditions\/\"]}]},{\"@type\":\"BreadcrumbList\",\"@id\":\"https:\/\/www.supplychainalliance.ca\/fr\/conditions\/#breadcrumb\",\"itemListElement\":[{\"@type\":\"ListItem\",\"position\":1,\"name\":\"Page d\u2019accueil\",\"item\":\"https:\/\/www.supplychainalliance.ca\/fr\/\"},{\"@type\":\"ListItem\",\"position\":2,\"name\":\"Conditions g\u00e9n\u00e9rales\"}]},{\"@type\":\"WebSite\",\"@id\":\"https:\/\/www.supplychainalliance.ca\/fr\/#website\",\"url\":\"https:\/\/www.supplychainalliance.ca\/fr\/\",\"name\":\"Supply Chain Alliance\",\"description\":\"Consultants en Gestion et Strat\u00e9gie de la Cha\u00eene d&#039;Approvisionnement\",\"publisher\":{\"@id\":\"https:\/\/www.supplychainalliance.ca\/fr\/#organization\"},\"alternateName\":\"Supply Chain Alliance\",\"potentialAction\":[{\"@type\":\"SearchAction\",\"target\":{\"@type\":\"EntryPoint\",\"urlTemplate\":\"https:\/\/www.supplychainalliance.ca\/fr\/?s={search_term_string}\"},\"query-input\":{\"@type\":\"PropertyValueSpecification\",\"valueRequired\":true,\"valueName\":\"search_term_string\"}}],\"inLanguage\":\"fr-FR\"},{\"@type\":\"Organization\",\"@id\":\"https:\/\/www.supplychainalliance.ca\/fr\/#organization\",\"name\":\"Supply Chain Alliance\",\"url\":\"https:\/\/www.supplychainalliance.ca\/fr\/\",\"logo\":{\"@type\":\"ImageObject\",\"inLanguage\":\"fr-FR\",\"@id\":\"https:\/\/www.supplychainalliance.ca\/fr\/#\/schema\/logo\/image\/\",\"url\":\"https:\/\/www.supplychainalliance.ca\/app\/uploads\/2022\/12\/logo.png\",\"contentUrl\":\"https:\/\/www.supplychainalliance.ca\/app\/uploads\/2022\/12\/logo.png\",\"width\":237,\"height\":75,\"caption\":\"Supply Chain Alliance\"},\"image\":{\"@id\":\"https:\/\/www.supplychainalliance.ca\/fr\/#\/schema\/logo\/image\/\"},\"sameAs\":[\"https:\/\/www.linkedin.com\/company\/supply-chain-alliance-partners\/\"]}]}<\/script>\n<!-- \/ Yoast SEO plugin. -->","yoast_head_json":{"title":"Conditions g\u00e9n\u00e9rales | Supply Chain Alliance","description":"Lisez les conditions g\u00e9n\u00e9rales de Supply Chain Alliance pour l'utilisation de ce site Web. Ces conditions s'appliquent \u00e0 votre visite sur ce site Web.","robots":{"index":"index","follow":"follow","max-snippet":"max-snippet:-1","max-image-preview":"max-image-preview:large","max-video-preview":"max-video-preview:-1"},"canonical":"https:\/\/www.supplychainalliance.ca\/fr\/conditions\/","og_locale":"fr_FR","og_type":"article","og_title":"Conditions g\u00e9n\u00e9rales | Supply Chain Alliance","og_description":"Lisez les conditions g\u00e9n\u00e9rales de Supply Chain Alliance pour l'utilisation de ce site Web. Ces conditions s'appliquent \u00e0 votre visite sur ce site Web.","og_url":"https:\/\/www.supplychainalliance.ca\/fr\/conditions\/","og_site_name":"Supply Chain Alliance","article_modified_time":"2023-04-24T18:38:21+00:00","twitter_card":"summary_large_image","twitter_misc":{"Est. reading time":"7 minutes"},"schema":{"@context":"https:\/\/schema.org","@graph":[{"@type":"WebPage","@id":"https:\/\/www.supplychainalliance.ca\/fr\/conditions\/","url":"https:\/\/www.supplychainalliance.ca\/fr\/conditions\/","name":"Conditions g\u00e9n\u00e9rales | Supply Chain Alliance","isPartOf":{"@id":"https:\/\/www.supplychainalliance.ca\/fr\/#website"},"datePublished":"2022-04-18T16:12:08+00:00","dateModified":"2023-04-24T18:38:21+00:00","description":"Lisez les conditions g\u00e9n\u00e9rales de Supply Chain Alliance pour l'utilisation de ce site Web. Ces conditions s'appliquent \u00e0 votre visite sur ce site Web.","breadcrumb":{"@id":"https:\/\/www.supplychainalliance.ca\/fr\/conditions\/#breadcrumb"},"inLanguage":"fr-FR","potentialAction":[{"@type":"ReadAction","target":["https:\/\/www.supplychainalliance.ca\/fr\/conditions\/"]}]},{"@type":"BreadcrumbList","@id":"https:\/\/www.supplychainalliance.ca\/fr\/conditions\/#breadcrumb","itemListElement":[{"@type":"ListItem","position":1,"name":"Page d\u2019accueil","item":"https:\/\/www.supplychainalliance.ca\/fr\/"},{"@type":"ListItem","position":2,"name":"Conditions g\u00e9n\u00e9rales"}]},{"@type":"WebSite","@id":"https:\/\/www.supplychainalliance.ca\/fr\/#website","url":"https:\/\/www.supplychainalliance.ca\/fr\/","name":"Supply Chain Alliance","description":"Consultants en Gestion et Strat\u00e9gie de la Cha\u00eene d&#039;Approvisionnement","publisher":{"@id":"https:\/\/www.supplychainalliance.ca\/fr\/#organization"},"alternateName":"Supply Chain Alliance","potentialAction":[{"@type":"SearchAction","target":{"@type":"EntryPoint","urlTemplate":"https:\/\/www.supplychainalliance.ca\/fr\/?s={search_term_string}"},"query-input":{"@type":"PropertyValueSpecification","valueRequired":true,"valueName":"search_term_string"}}],"inLanguage":"fr-FR"},{"@type":"Organization","@id":"https:\/\/www.supplychainalliance.ca\/fr\/#organization","name":"Supply Chain Alliance","url":"https:\/\/www.supplychainalliance.ca\/fr\/","logo":{"@type":"ImageObject","inLanguage":"fr-FR","@id":"https:\/\/www.supplychainalliance.ca\/fr\/#\/schema\/logo\/image\/","url":"https:\/\/www.supplychainalliance.ca\/app\/uploads\/2022\/12\/logo.png","contentUrl":"https:\/\/www.supplychainalliance.ca\/app\/uploads\/2022\/12\/logo.png","width":237,"height":75,"caption":"Supply Chain Alliance"},"image":{"@id":"https:\/\/www.supplychainalliance.ca\/fr\/#\/schema\/logo\/image\/"},"sameAs":["https:\/\/www.linkedin.com\/company\/supply-chain-alliance-partners\/"]}]}},"_links":{"self":[{"href":"https:\/\/www.supplychainalliance.ca\/fr\/wp-json\/wp\/v2\/pages\/1856","targetHints":{"allow":["GET"]}}],"collection":[{"href":"https:\/\/www.supplychainalliance.ca\/fr\/wp-json\/wp\/v2\/pages"}],"about":[{"href":"https:\/\/www.supplychainalliance.ca\/fr\/wp-json\/wp\/v2\/types\/page"}],"author":[{"embeddable":true,"href":"https:\/\/www.supplychainalliance.ca\/fr\/wp-json\/wp\/v2\/users\/7"}],"replies":[{"embeddable":true,"href":"https:\/\/www.supplychainalliance.ca\/fr\/wp-json\/wp\/v2\/comments?post=1856"}],"version-history":[{"count":13,"href":"https:\/\/www.supplychainalliance.ca\/fr\/wp-json\/wp\/v2\/pages\/1856\/revisions"}],"predecessor-version":[{"id":2553,"href":"https:\/\/www.supplychainalliance.ca\/fr\/wp-json\/wp\/v2\/pages\/1856\/revisions\/2553"}],"wp:attachment":[{"href":"https:\/\/www.supplychainalliance.ca\/fr\/wp-json\/wp\/v2\/media?parent=1856"}],"curies":[{"name":"wp","href":"https:\/\/api.w.org\/{rel}","templated":true}]}}