{"id":1857,"date":"2022-03-15T17:39:13","date_gmt":"2022-03-15T17:39:13","guid":{"rendered":"https:\/\/www.supplychainalliance.ca\/insights\/"},"modified":"2024-11-21T16:39:42","modified_gmt":"2024-11-21T16:39:42","slug":"apercus","status":"publish","type":"page","link":"https:\/\/www.supplychainalliance.ca\/fr\/apercus\/","title":{"rendered":"Aper\u00e7us"},"content":{"rendered":"\n<section id=\"block_2afef3c1e5e1b4022bb389d9b1f5efd8\" class=\"block post-listing-block \">\n    <div class=\"container\">   \n\n                <article class=\"featured-post row gx-0\">\n            <div class=\"content-container col-md-6 col-sm-12\">\n                <h1 class=\"eyebrow\">Aper\u00e7us<\/h1>\n                <h2>Il est temps d\u2019optimiser votre r\u00e9seau<\/h2>\n                <a class=\"btn btn-primary\" href=\"https:\/\/www.supplychainalliance.ca\/fr\/il-est-temps-doptimiser-votre-reseau\/\">Lire la suite<\/a>\n            <\/div>\n            <div class=\"image-container col-md-6 col-sm-12\">\n                 \n                                                            <img decoding=\"async\" srcset=\"https:\/\/www.supplychainalliance.ca\/app\/uploads\/2023\/01\/its-time-to-optimize-your-network.jpg 2x\" src=\"https:\/\/www.supplychainalliance.ca\/app\/uploads\/2023\/01\/its-time-to-optimize-your-network.jpg\" alt=\"\"\/>\n                            <\/div>\n        <\/article>\n\n                            <div class=\"categories\">\n                <input type=\"checkbox\" class=\"select-checkbox\" id=\"c1\">\n                <label for=\"c1\" class=\"select-label active\" data-title=\"all-titles\" aria-label=\"Afficher tous les articles\" tabindex=\"0\">Tout <\/label>\n                <div class=\"filter-wrapper\">\n                    <ul class=\"filter-control category-filter\">\n                        <li class=\"btn-large active animate\" data-title=\"all-titles\" aria-label=\"Afficher tous les articles\" tabindex=\"0\">\n                            Tout                        <\/li>\n                                                                                                                                        <li class=\"btn-large animate\" tabindex=\"0\" aria-label=\"Afficher tous les messages de Blogue\" data-title=\"blogue\">\n                                    Blogue                                <\/li>\n                                                                                                                <li class=\"btn-large animate\" tabindex=\"0\" aria-label=\"Afficher tous les messages de \u00c9tude de cas\" data-title=\"etude-de-cas\">\n                                    \u00c9tude de cas                                <\/li>\n                                                                                                                <li class=\"btn-large animate\" tabindex=\"0\" aria-label=\"Afficher tous les messages de Nouvelles\" data-title=\"nouvelles\">\n                                    Nouvelles                                <\/li>\n                                                                        <\/ul>\n                <\/div>\n            <\/div>\n        \n\n                <div class=\"post-listing listing\">\n                            <div class=\"listing-wrapper row gx-0\"\n                    data-posttype=\"post\"\n                    data-totalitems=\"9\"\n                    data-currentpage=\"1\"\n                    data-exclude=\"[1900]\"\n                >\n                                            <article class=\"col-12 col-sm-6 col-lg-4 tile-wrapper post-item item animate\" data-titles=\"blogue\">\n    <a href=\"https:\/\/www.supplychainalliance.ca\/fr\/le-chemin-a-parcourir-dans-un-monde-post-pandemique-il-est-necessaire-de-mettre-davantage-laccent-sur-la-chaine-de-valeur\/\" class=\"post-listing-link\">\n        <div class=\"row gx-0\">\n            <div class=\"col-12 image-wrapper\">\n                <picture>\n                                            <img decoding=\"async\" srcset=\"https:\/\/www.supplychainalliance.ca\/app\/uploads\/2022\/11\/the-road-ahead-post-hero-secondary-1.jpg 2x\" src=\"https:\/\/www.supplychainalliance.ca\/app\/uploads\/2022\/11\/the-road-ahead-post-hero-secondary-1.jpg\" alt=\"\"\/>\n                                    <\/picture>\n            <\/div>\n            <div class=\"col-12 tile-content\">\n                \n                <h3>Le chemin \u00e0 parcourir\u00a0dans un monde post-pand\u00e9mique, il est n\u00e9cessaire de mettre davantage l&#8217;accent sur la cha\u00eene de valeur.<\/h3>\n\n                <p class=\"post-date\">novembre 10, 2022<\/p>\n                                    <ul class=\"categories\">\n                                                    <li class=\"post-category\">\n                                Blogue                            <\/li>\n                                            <\/ul>\n                            <\/div>\n        <\/div>\n    <\/a>\n<\/article>\n                                            <article class=\"col-12 col-sm-6 col-lg-4 tile-wrapper post-item item animate\" data-titles=\"etude-de-cas\">\n    <a href=\"https:\/\/www.supplychainalliance.ca\/fr\/west-marine-realise-des-economies-annualisees-de-3-millions-de-dollars-a-la-suite-du-redressement-des-operations-dc-de-sca\/\" class=\"post-listing-link\">\n        <div class=\"row gx-0\">\n            <div class=\"col-12 image-wrapper\">\n                <picture>\n                                            <img decoding=\"async\" srcset=\"https:\/\/www.supplychainalliance.ca\/app\/uploads\/2022\/12\/west-marine-case-study-hero-secondary.jpg 2x\" src=\"https:\/\/www.supplychainalliance.ca\/app\/uploads\/2022\/12\/west-marine-case-study-hero-secondary.jpg\" alt=\"\"\/>\n                                    <\/picture>\n            <\/div>\n            <div class=\"col-12 tile-content\">\n                \n                <h3>West Marine r\u00e9alise des \u00e9conomies annualis\u00e9es de 3\u00a0millions de dollars \u00e0 la suite du redressement des op\u00e9rations DC de SCA<\/h3>\n\n                <p class=\"post-date\">juin 3, 2021<\/p>\n                                    <ul class=\"categories\">\n                                                    <li class=\"post-category\">\n                                \u00c9tude de cas                            <\/li>\n                                            <\/ul>\n                            <\/div>\n        <\/div>\n    <\/a>\n<\/article>\n                                            <article class=\"col-12 col-sm-6 col-lg-4 tile-wrapper post-item item animate\" data-titles=\"etude-de-cas\">\n    <a href=\"https:\/\/www.supplychainalliance.ca\/fr\/une-agence-gouvernementale-accelere-rapidement-son-infrastructure-de-distribution-depi-avec-le-soutien-de-sca\/\" class=\"post-listing-link\">\n        <div class=\"row gx-0\">\n            <div class=\"col-12 image-wrapper\">\n                <picture>\n                                            <img decoding=\"async\" srcset=\"https:\/\/www.supplychainalliance.ca\/app\/uploads\/2022\/11\/gov-agency-case-study-hero-secondary.jpg 2x\" src=\"https:\/\/www.supplychainalliance.ca\/app\/uploads\/2022\/11\/gov-agency-case-study-hero-secondary.jpg\" alt=\"\"\/>\n                                    <\/picture>\n            <\/div>\n            <div class=\"col-12 tile-content\">\n                \n                <h3>Une agence gouvernementale acc\u00e9l\u00e8re rapidement son infrastructure de distribution d&#8217;EPI avec le soutien de SCA<\/h3>\n\n                <p class=\"post-date\">juin 2, 2021<\/p>\n                                    <ul class=\"categories\">\n                                                    <li class=\"post-category\">\n                                \u00c9tude de cas                            <\/li>\n                                            <\/ul>\n                            <\/div>\n        <\/div>\n    <\/a>\n<\/article>\n                                            <article class=\"col-12 col-sm-6 col-lg-4 tile-wrapper post-item item animate\" data-titles=\"etude-de-cas\">\n    <a href=\"https:\/\/www.supplychainalliance.ca\/fr\/paa-voit-une-augmentation-de-100-des-performances-et-de-la-productivite-des-centres-de-distribution-apres-avoir-travaille-avec-sca\/\" class=\"post-listing-link\">\n        <div class=\"row gx-0\">\n            <div class=\"col-12 image-wrapper\">\n                <picture>\n                                            <img decoding=\"async\" srcset=\"https:\/\/www.supplychainalliance.ca\/app\/uploads\/2022\/11\/paa-case-study-hero-secondary-1.jpg 2x\" src=\"https:\/\/www.supplychainalliance.ca\/app\/uploads\/2022\/11\/paa-case-study-hero-secondary-1.jpg\" alt=\"\"\/>\n                                    <\/picture>\n            <\/div>\n            <div class=\"col-12 tile-content\">\n                \n                <h3>PAA voit une augmentation de 100\u00a0% des performances et de la productivit\u00e9 des centres de distribution apr\u00e8s avoir travaill\u00e9 avec SCA<\/h3>\n\n                <p class=\"post-date\">juin 1, 2021<\/p>\n                                    <ul class=\"categories\">\n                                                    <li class=\"post-category\">\n                                \u00c9tude de cas                            <\/li>\n                                            <\/ul>\n                            <\/div>\n        <\/div>\n    <\/a>\n<\/article>\n                                            <article class=\"col-12 col-sm-6 col-lg-4 tile-wrapper post-item item animate\" data-titles=\"nouvelles\">\n    <a href=\"https:\/\/www.supplychainalliance.ca\/fr\/metro-groupe-de-chaine-dapprovisionnement-acquiert-la-societe-de-conseil-alliance-de-la-chaine-dapprovisionnement\/\" class=\"post-listing-link\">\n        <div class=\"row gx-0\">\n            <div class=\"col-12 image-wrapper\">\n                <picture>\n                                            <img decoding=\"async\" srcset=\"https:\/\/www.supplychainalliance.ca\/app\/uploads\/2022\/11\/mscg-acquires-consulting-firm-sca-post-hero-secondary.jpg 2x\" src=\"https:\/\/www.supplychainalliance.ca\/app\/uploads\/2022\/11\/mscg-acquires-consulting-firm-sca-post-hero-secondary.jpg\" alt=\"\"\/>\n                                    <\/picture>\n            <\/div>\n            <div class=\"col-12 tile-content\">\n                \n                <h3>Metro Groupe De Cha\u00eene D\u2019Approvisionnement acquiert la soci\u00e9t\u00e9 de conseil Supply Chain Alliance\u00a0<\/h3>\n\n                <p class=\"post-date\">octobre 9, 2020<\/p>\n                                    <ul class=\"categories\">\n                                                    <li class=\"post-category\">\n                                Nouvelles                            <\/li>\n                                            <\/ul>\n                            <\/div>\n        <\/div>\n    <\/a>\n<\/article>\n                                            <article class=\"col-12 col-sm-6 col-lg-4 tile-wrapper post-item item animate\" data-titles=\"blogue\">\n    <a href=\"https:\/\/www.supplychainalliance.ca\/fr\/quest-ce-que-cest-vraiment-les-moyens-de-construire-une-chaine-dapprovisionnement-resiliente\/\" class=\"post-listing-link\">\n        <div class=\"row gx-0\">\n            <div class=\"col-12 image-wrapper\">\n                <picture>\n                                            <img decoding=\"async\" srcset=\"https:\/\/www.supplychainalliance.ca\/app\/uploads\/2022\/11\/what-it-really-means-to-build-a-resilient-supply-chain-post-hero-secondary.jpg 2x\" src=\"https:\/\/www.supplychainalliance.ca\/app\/uploads\/2022\/11\/what-it-really-means-to-build-a-resilient-supply-chain-post-hero-secondary.jpg\" alt=\"\"\/>\n                                    <\/picture>\n            <\/div>\n            <div class=\"col-12 tile-content\">\n                \n                <h3>Qu&#8217;est-ce que c&#8217;est vraiment les moyens de construire une cha\u00eene d&#8217;approvisionnement r\u00e9siliente<\/h3>\n\n                <p class=\"post-date\">juin 20, 2020<\/p>\n                                    <ul class=\"categories\">\n                                                    <li class=\"post-category\">\n                                Blogue                            <\/li>\n                                            <\/ul>\n                            <\/div>\n        <\/div>\n    <\/a>\n<\/article>\n                                    <\/div>\n                                        <div class=\"loadmore-container\">\n                    <button class=\"load-more-btn\">Charger plus<\/button>\n                <\/div>\n                    <\/div>\n      \n    <\/div>\n<\/section>\n\n\n\n<section id=\"block_e27899b7566c37fbb557fd637cae42a3\" class=\"lead-form-block \">\n    <div class=\"container right\">\n        <div class=\"title-section\">\n            <h2>S\u2019abonner<\/h2>\n            <h3>\u00c9quipez-vous de toutes les connaissances n\u00e9cessaires en mati\u00e8re de cha\u00eene d\u2019approvisionnement<\/h3>\n        <\/div>\n        <div class=\"form-section\">\n            <!-- Single Form -->\n                            \n<div class=\"wpcf7 no-js\" id=\"wpcf7-f2796-o1\" lang=\"en-US\" dir=\"ltr\" data-wpcf7-id=\"2796\">\n<div class=\"screen-reader-response\"><p role=\"status\" aria-live=\"polite\" aria-atomic=\"true\"><\/p> <ul><\/ul><\/div>\n<form action=\"\/fr\/wp-json\/wp\/v2\/pages\/1857#wpcf7-f2796-o1\" method=\"post\" class=\"wpcf7-form init\" aria-label=\"Contact form\" novalidate=\"novalidate\" data-status=\"init\">\n<fieldset class=\"hidden-fields-container\"><input type=\"hidden\" name=\"_wpcf7\" value=\"2796\" \/><input type=\"hidden\" name=\"_wpcf7_version\" value=\"6.1\" \/><input type=\"hidden\" name=\"_wpcf7_locale\" value=\"en_US\" \/><input type=\"hidden\" name=\"_wpcf7_unit_tag\" value=\"wpcf7-f2796-o1\" \/><input type=\"hidden\" name=\"_wpcf7_container_post\" value=\"0\" \/><input type=\"hidden\" name=\"_wpcf7_posted_data_hash\" value=\"\" \/><input type=\"hidden\" name=\"_wpcf7_recaptcha_response\" value=\"\" \/>\n<\/fieldset>\n<fieldset class=\"hide-form-name\">\n\t<div>\n\t\t<p><span class=\"wpcf7-form-control-wrap\" data-name=\"formName\"><input size=\"40\" maxlength=\"400\" class=\"wpcf7-form-control wpcf7-text\" id=\"formName\" aria-invalid=\"false\" value=\"Newsletter Signup\" type=\"text\" name=\"formName\" \/><\/span>\n\t\t<\/p>\n\t<\/div>\n<\/fieldset>\n<fieldset>\n\t<div>\n\t\t<p><label>Pr\u00e9nom (obligatoire) :<\/label><span class=\"wpcf7-form-control-wrap\" data-name=\"firstName\"><input size=\"40\" maxlength=\"400\" class=\"wpcf7-form-control wpcf7-text wpcf7-validates-as-required\" id=\"firstName\" aria-required=\"true\" aria-invalid=\"false\" placeholder=\"Pr\u00e9nom\" value=\"\" type=\"text\" name=\"firstName\" \/><\/span>\n\t\t<\/p>\n\t<\/div>\n\t<div>\n\t\t<p><label>Nom (obligatoire) :<\/label><span class=\"wpcf7-form-control-wrap\" data-name=\"lastName\"><input size=\"40\" maxlength=\"400\" class=\"wpcf7-form-control wpcf7-text wpcf7-validates-as-required\" id=\"lastName\" aria-required=\"true\" aria-invalid=\"false\" placeholder=\"Nom\" value=\"\" type=\"text\" name=\"lastName\" \/><\/span>\n\t\t<\/p>\n\t<\/div>\n<\/fieldset>\n<fieldset>\n\t<div>\n\t\t<p><label>Courriel (obligatoire) :<\/label><span class=\"wpcf7-form-control-wrap\" data-name=\"email\"><input size=\"40\" maxlength=\"400\" class=\"wpcf7-form-control wpcf7-email wpcf7-validates-as-required wpcf7-text wpcf7-validates-as-email\" id=\"email\" aria-required=\"true\" aria-invalid=\"false\" placeholder=\"Courriel\" value=\"\" type=\"email\" name=\"email\" \/><\/span>\n\t\t<\/p>\n\t<\/div>\n\t<div>\n\t\t<p><label>Soci\u00e9t\u00e9 (obligatoire) :<\/label><span class=\"wpcf7-form-control-wrap\" data-name=\"company\"><input size=\"40\" maxlength=\"400\" class=\"wpcf7-form-control wpcf7-text wpcf7-validates-as-required\" id=\"company\" aria-required=\"true\" aria-invalid=\"false\" placeholder=\"Soci\u00e9t\u00e9\" value=\"\" type=\"text\" name=\"company\" \/><\/span>\n\t\t<\/p>\n\t<\/div>\n<\/fieldset>\n<fieldset class=\"checkbox-fieldset\">\n\t<div class=\"checkbox-div\">\n\t\t<p><span class=\"wpcf7-form-control-wrap\" data-name=\"acceptanceTerms\"><span class=\"wpcf7-form-control wpcf7-acceptance\"><span class=\"wpcf7-list-item\"><label><input type=\"checkbox\" name=\"acceptanceTerms\" value=\"1\" id=\"terms\" aria-invalid=\"false\" \/><span class=\"wpcf7-list-item-label\">J\u2019accepte <a href=\"\/fr\/conditions\/\">les Conditions<\/a> et <a href=\"\/fr\/confidentialite\/\">la Politique de Confidentialit\u00e9<\/a><\/span><\/label><\/span><\/span><\/span>\n\t\t<\/p>\n\t<\/div>\n<\/fieldset>\n<p><input class=\"wpcf7-form-control wpcf7-submit has-spinner btn btn-primary\" id=\"newsletter-submit\" type=\"submit\" value=\"Soumettre\" \/>\n<\/p><div class=\"wpcf7-response-output\" aria-hidden=\"true\"><\/div>\n<\/form>\n<\/div>\n                        <!-- Multiple Forms -->\n                                    <div class=\"captcha-legal\"><p>This site is protected by reCAPTCHA and the Google <a href=\"https:\/\/policies.google.com\/privacy\" target=\"_blank\">Privacy Policy<\/a> and <a href=\"https:\/\/policies.google.com\/terms\" target=\"_blank\">Terms\u00a0of\u00a0Service<\/a>\u00a0apply.<\/p><\/div>        <\/div>\n    <\/div>\n<\/section>\n","protected":false},"excerpt":{"rendered":"","protected":false},"author":7,"featured_media":0,"parent":0,"menu_order":0,"comment_status":"closed","ping_status":"closed","template":"","meta":{"_acf_changed":false,"footnotes":""},"class_list":["post-1857","page","type-page","status-publish","hentry"],"acf":[],"yoast_head":"<!-- This site is optimized with the Yoast SEO plugin v25.4 - https:\/\/yoast.com\/wordpress\/plugins\/seo\/ -->\n<title>Aper\u00e7us | Supply Chain Alliance<\/title>\n<meta name=\"description\" content=\"Les entreprises \u00e9voluent rapidement pour r\u00e9pondre aux demandes des clients. Consultez les perspectives de Alliance de la Cha\u00eene d&#039;Approvionnement sur les derniers d\u00e9veloppements ayant un impact sur votre cha\u00eene d&#039;approvisionnement.\" \/>\n<meta name=\"robots\" content=\"index, follow, max-snippet:-1, max-image-preview:large, max-video-preview:-1\" \/>\n<link rel=\"canonical\" href=\"https:\/\/www.supplychainalliance.ca\/fr\/apercus\/\" \/>\n<meta property=\"og:locale\" content=\"fr_FR\" \/>\n<meta property=\"og:type\" content=\"article\" \/>\n<meta property=\"og:title\" content=\"Aper\u00e7us | Supply Chain Alliance\" \/>\n<meta property=\"og:description\" content=\"Les entreprises \u00e9voluent rapidement pour r\u00e9pondre aux demandes des clients. Consultez les perspectives de Alliance de la Cha\u00eene d&#039;Approvionnement sur les derniers d\u00e9veloppements ayant un impact sur votre cha\u00eene d&#039;approvisionnement.\" \/>\n<meta property=\"og:url\" content=\"https:\/\/www.supplychainalliance.ca\/fr\/apercus\/\" \/>\n<meta property=\"og:site_name\" content=\"Supply Chain Alliance\" \/>\n<meta property=\"article:modified_time\" content=\"2024-11-21T16:39:42+00:00\" \/>\n<meta name=\"twitter:card\" content=\"summary_large_image\" \/>\n<script type=\"application\/ld+json\" class=\"yoast-schema-graph\">{\"@context\":\"https:\/\/schema.org\",\"@graph\":[{\"@type\":\"WebPage\",\"@id\":\"https:\/\/www.supplychainalliance.ca\/fr\/apercus\/\",\"url\":\"https:\/\/www.supplychainalliance.ca\/fr\/apercus\/\",\"name\":\"Aper\u00e7us | Supply Chain Alliance\",\"isPartOf\":{\"@id\":\"https:\/\/www.supplychainalliance.ca\/fr\/#website\"},\"datePublished\":\"2022-03-15T17:39:13+00:00\",\"dateModified\":\"2024-11-21T16:39:42+00:00\",\"description\":\"Les entreprises \u00e9voluent rapidement pour r\u00e9pondre aux demandes des clients. Consultez les perspectives de Alliance de la Cha\u00eene d'Approvionnement sur les derniers d\u00e9veloppements ayant un impact sur votre cha\u00eene d'approvisionnement.\",\"breadcrumb\":{\"@id\":\"https:\/\/www.supplychainalliance.ca\/fr\/apercus\/#breadcrumb\"},\"inLanguage\":\"fr-FR\",\"potentialAction\":[{\"@type\":\"ReadAction\",\"target\":[\"https:\/\/www.supplychainalliance.ca\/fr\/apercus\/\"]}]},{\"@type\":\"BreadcrumbList\",\"@id\":\"https:\/\/www.supplychainalliance.ca\/fr\/apercus\/#breadcrumb\",\"itemListElement\":[{\"@type\":\"ListItem\",\"position\":1,\"name\":\"Page d\u2019accueil\",\"item\":\"https:\/\/www.supplychainalliance.ca\/fr\/\"},{\"@type\":\"ListItem\",\"position\":2,\"name\":\"Aper\u00e7us\"}]},{\"@type\":\"WebSite\",\"@id\":\"https:\/\/www.supplychainalliance.ca\/fr\/#website\",\"url\":\"https:\/\/www.supplychainalliance.ca\/fr\/\",\"name\":\"Supply Chain Alliance\",\"description\":\"Consultants en Gestion et Strat\u00e9gie de la Cha\u00eene d&#039;Approvisionnement\",\"publisher\":{\"@id\":\"https:\/\/www.supplychainalliance.ca\/fr\/#organization\"},\"alternateName\":\"Supply Chain Alliance\",\"potentialAction\":[{\"@type\":\"SearchAction\",\"target\":{\"@type\":\"EntryPoint\",\"urlTemplate\":\"https:\/\/www.supplychainalliance.ca\/fr\/?s={search_term_string}\"},\"query-input\":{\"@type\":\"PropertyValueSpecification\",\"valueRequired\":true,\"valueName\":\"search_term_string\"}}],\"inLanguage\":\"fr-FR\"},{\"@type\":\"Organization\",\"@id\":\"https:\/\/www.supplychainalliance.ca\/fr\/#organization\",\"name\":\"Supply Chain Alliance\",\"url\":\"https:\/\/www.supplychainalliance.ca\/fr\/\",\"logo\":{\"@type\":\"ImageObject\",\"inLanguage\":\"fr-FR\",\"@id\":\"https:\/\/www.supplychainalliance.ca\/fr\/#\/schema\/logo\/image\/\",\"url\":\"https:\/\/www.supplychainalliance.ca\/app\/uploads\/2022\/12\/logo.png\",\"contentUrl\":\"https:\/\/www.supplychainalliance.ca\/app\/uploads\/2022\/12\/logo.png\",\"width\":237,\"height\":75,\"caption\":\"Supply Chain Alliance\"},\"image\":{\"@id\":\"https:\/\/www.supplychainalliance.ca\/fr\/#\/schema\/logo\/image\/\"},\"sameAs\":[\"https:\/\/www.linkedin.com\/company\/supply-chain-alliance-partners\/\"]}]}<\/script>\n<!-- \/ Yoast SEO plugin. -->","yoast_head_json":{"title":"Aper\u00e7us | Supply Chain Alliance","description":"Les entreprises \u00e9voluent rapidement pour r\u00e9pondre aux demandes des clients. Consultez les perspectives de Alliance de la Cha\u00eene d'Approvionnement sur les derniers d\u00e9veloppements ayant un impact sur votre cha\u00eene d'approvisionnement.","robots":{"index":"index","follow":"follow","max-snippet":"max-snippet:-1","max-image-preview":"max-image-preview:large","max-video-preview":"max-video-preview:-1"},"canonical":"https:\/\/www.supplychainalliance.ca\/fr\/apercus\/","og_locale":"fr_FR","og_type":"article","og_title":"Aper\u00e7us | Supply Chain Alliance","og_description":"Les entreprises \u00e9voluent rapidement pour r\u00e9pondre aux demandes des clients. Consultez les perspectives de Alliance de la Cha\u00eene d'Approvionnement sur les derniers d\u00e9veloppements ayant un impact sur votre cha\u00eene d'approvisionnement.","og_url":"https:\/\/www.supplychainalliance.ca\/fr\/apercus\/","og_site_name":"Supply Chain Alliance","article_modified_time":"2024-11-21T16:39:42+00:00","twitter_card":"summary_large_image","schema":{"@context":"https:\/\/schema.org","@graph":[{"@type":"WebPage","@id":"https:\/\/www.supplychainalliance.ca\/fr\/apercus\/","url":"https:\/\/www.supplychainalliance.ca\/fr\/apercus\/","name":"Aper\u00e7us | Supply Chain Alliance","isPartOf":{"@id":"https:\/\/www.supplychainalliance.ca\/fr\/#website"},"datePublished":"2022-03-15T17:39:13+00:00","dateModified":"2024-11-21T16:39:42+00:00","description":"Les entreprises \u00e9voluent rapidement pour r\u00e9pondre aux demandes des clients. Consultez les perspectives de Alliance de la Cha\u00eene d'Approvionnement sur les derniers d\u00e9veloppements ayant un impact sur votre cha\u00eene d'approvisionnement.","breadcrumb":{"@id":"https:\/\/www.supplychainalliance.ca\/fr\/apercus\/#breadcrumb"},"inLanguage":"fr-FR","potentialAction":[{"@type":"ReadAction","target":["https:\/\/www.supplychainalliance.ca\/fr\/apercus\/"]}]},{"@type":"BreadcrumbList","@id":"https:\/\/www.supplychainalliance.ca\/fr\/apercus\/#breadcrumb","itemListElement":[{"@type":"ListItem","position":1,"name":"Page d\u2019accueil","item":"https:\/\/www.supplychainalliance.ca\/fr\/"},{"@type":"ListItem","position":2,"name":"Aper\u00e7us"}]},{"@type":"WebSite","@id":"https:\/\/www.supplychainalliance.ca\/fr\/#website","url":"https:\/\/www.supplychainalliance.ca\/fr\/","name":"Supply Chain Alliance","description":"Consultants en Gestion et Strat\u00e9gie de la Cha\u00eene d&#039;Approvisionnement","publisher":{"@id":"https:\/\/www.supplychainalliance.ca\/fr\/#organization"},"alternateName":"Supply Chain Alliance","potentialAction":[{"@type":"SearchAction","target":{"@type":"EntryPoint","urlTemplate":"https:\/\/www.supplychainalliance.ca\/fr\/?s={search_term_string}"},"query-input":{"@type":"PropertyValueSpecification","valueRequired":true,"valueName":"search_term_string"}}],"inLanguage":"fr-FR"},{"@type":"Organization","@id":"https:\/\/www.supplychainalliance.ca\/fr\/#organization","name":"Supply Chain Alliance","url":"https:\/\/www.supplychainalliance.ca\/fr\/","logo":{"@type":"ImageObject","inLanguage":"fr-FR","@id":"https:\/\/www.supplychainalliance.ca\/fr\/#\/schema\/logo\/image\/","url":"https:\/\/www.supplychainalliance.ca\/app\/uploads\/2022\/12\/logo.png","contentUrl":"https:\/\/www.supplychainalliance.ca\/app\/uploads\/2022\/12\/logo.png","width":237,"height":75,"caption":"Supply Chain Alliance"},"image":{"@id":"https:\/\/www.supplychainalliance.ca\/fr\/#\/schema\/logo\/image\/"},"sameAs":["https:\/\/www.linkedin.com\/company\/supply-chain-alliance-partners\/"]}]}},"_links":{"self":[{"href":"https:\/\/www.supplychainalliance.ca\/fr\/wp-json\/wp\/v2\/pages\/1857","targetHints":{"allow":["GET"]}}],"collection":[{"href":"https:\/\/www.supplychainalliance.ca\/fr\/wp-json\/wp\/v2\/pages"}],"about":[{"href":"https:\/\/www.supplychainalliance.ca\/fr\/wp-json\/wp\/v2\/types\/page"}],"author":[{"embeddable":true,"href":"https:\/\/www.supplychainalliance.ca\/fr\/wp-json\/wp\/v2\/users\/7"}],"replies":[{"embeddable":true,"href":"https:\/\/www.supplychainalliance.ca\/fr\/wp-json\/wp\/v2\/comments?post=1857"}],"version-history":[{"count":8,"href":"https:\/\/www.supplychainalliance.ca\/fr\/wp-json\/wp\/v2\/pages\/1857\/revisions"}],"predecessor-version":[{"id":2800,"href":"https:\/\/www.supplychainalliance.ca\/fr\/wp-json\/wp\/v2\/pages\/1857\/revisions\/2800"}],"wp:attachment":[{"href":"https:\/\/www.supplychainalliance.ca\/fr\/wp-json\/wp\/v2\/media?parent=1857"}],"curies":[{"name":"wp","href":"https:\/\/api.w.org\/{rel}","templated":true}]}}