{"id":2817,"date":"2024-11-26T21:29:12","date_gmt":"2024-11-26T21:29:12","guid":{"rendered":"https:\/\/www.supplychainalliance.ca\/?page_id=2817"},"modified":"2024-12-11T20:04:51","modified_gmt":"2024-12-11T20:04:51","slug":"s-abonner","status":"publish","type":"page","link":"https:\/\/www.supplychainalliance.ca\/fr\/s-abonner\/","title":{"rendered":"Abonnez-vous \u00e0 notre infolettre"},"content":{"rendered":"\n<section id=\"block_04e124ff4cd91a146d60d265e5d213d3\" class=\"lead-form-block \">\n    <div class=\"container right\">\n        <div class=\"title-section\">\n            <h2>Abonnez-vous \u00e0 notre infolettre<\/h2>\n            <h3>\u00c9quipez-vous de toutes les connaissances n\u00e9cessaires en mati\u00e8re de cha\u00eene d\u2019approvisionnement<\/h3>\n        <\/div>\n        <div class=\"form-section\">\n            <!-- Single Form -->\n                            \n<div class=\"wpcf7 no-js\" id=\"wpcf7-f2796-o1\" lang=\"en-US\" dir=\"ltr\" data-wpcf7-id=\"2796\">\n<div class=\"screen-reader-response\"><p role=\"status\" aria-live=\"polite\" aria-atomic=\"true\"><\/p> <ul><\/ul><\/div>\n<form action=\"\/fr\/wp-json\/wp\/v2\/pages\/2817#wpcf7-f2796-o1\" method=\"post\" class=\"wpcf7-form init\" aria-label=\"Contact form\" novalidate=\"novalidate\" data-status=\"init\">\n<fieldset class=\"hidden-fields-container\"><input type=\"hidden\" name=\"_wpcf7\" value=\"2796\" \/><input type=\"hidden\" name=\"_wpcf7_version\" value=\"6.1\" \/><input type=\"hidden\" name=\"_wpcf7_locale\" value=\"en_US\" \/><input type=\"hidden\" name=\"_wpcf7_unit_tag\" value=\"wpcf7-f2796-o1\" \/><input type=\"hidden\" name=\"_wpcf7_container_post\" value=\"0\" \/><input type=\"hidden\" name=\"_wpcf7_posted_data_hash\" value=\"\" \/><input type=\"hidden\" name=\"_wpcf7_recaptcha_response\" value=\"\" \/>\n<\/fieldset>\n<fieldset class=\"hide-form-name\">\n\t<div>\n\t\t<p><span class=\"wpcf7-form-control-wrap\" data-name=\"formName\"><input size=\"40\" maxlength=\"400\" class=\"wpcf7-form-control wpcf7-text\" id=\"formName\" aria-invalid=\"false\" value=\"Newsletter Signup\" type=\"text\" name=\"formName\" \/><\/span>\n\t\t<\/p>\n\t<\/div>\n<\/fieldset>\n<fieldset>\n\t<div>\n\t\t<p><label>Pr\u00e9nom (obligatoire) :<\/label><span class=\"wpcf7-form-control-wrap\" data-name=\"firstName\"><input size=\"40\" maxlength=\"400\" class=\"wpcf7-form-control wpcf7-text wpcf7-validates-as-required\" id=\"firstName\" aria-required=\"true\" aria-invalid=\"false\" placeholder=\"Pr\u00e9nom\" value=\"\" type=\"text\" name=\"firstName\" \/><\/span>\n\t\t<\/p>\n\t<\/div>\n\t<div>\n\t\t<p><label>Nom (obligatoire) :<\/label><span class=\"wpcf7-form-control-wrap\" data-name=\"lastName\"><input size=\"40\" maxlength=\"400\" class=\"wpcf7-form-control wpcf7-text wpcf7-validates-as-required\" id=\"lastName\" aria-required=\"true\" aria-invalid=\"false\" placeholder=\"Nom\" value=\"\" type=\"text\" name=\"lastName\" \/><\/span>\n\t\t<\/p>\n\t<\/div>\n<\/fieldset>\n<fieldset>\n\t<div>\n\t\t<p><label>Courriel (obligatoire) :<\/label><span class=\"wpcf7-form-control-wrap\" data-name=\"email\"><input size=\"40\" maxlength=\"400\" class=\"wpcf7-form-control wpcf7-email wpcf7-validates-as-required wpcf7-text wpcf7-validates-as-email\" id=\"email\" aria-required=\"true\" aria-invalid=\"false\" placeholder=\"Courriel\" value=\"\" type=\"email\" name=\"email\" \/><\/span>\n\t\t<\/p>\n\t<\/div>\n\t<div>\n\t\t<p><label>Soci\u00e9t\u00e9 (obligatoire) :<\/label><span class=\"wpcf7-form-control-wrap\" data-name=\"company\"><input size=\"40\" maxlength=\"400\" class=\"wpcf7-form-control wpcf7-text wpcf7-validates-as-required\" id=\"company\" aria-required=\"true\" aria-invalid=\"false\" placeholder=\"Soci\u00e9t\u00e9\" value=\"\" type=\"text\" name=\"company\" \/><\/span>\n\t\t<\/p>\n\t<\/div>\n<\/fieldset>\n<fieldset class=\"checkbox-fieldset\">\n\t<div class=\"checkbox-div\">\n\t\t<p><span class=\"wpcf7-form-control-wrap\" data-name=\"acceptanceTerms\"><span class=\"wpcf7-form-control wpcf7-acceptance\"><span class=\"wpcf7-list-item\"><label><input type=\"checkbox\" name=\"acceptanceTerms\" value=\"1\" id=\"terms\" aria-invalid=\"false\" \/><span class=\"wpcf7-list-item-label\">J\u2019accepte <a href=\"\/fr\/conditions\/\">les Conditions<\/a> et <a href=\"\/fr\/confidentialite\/\">la Politique de Confidentialit\u00e9<\/a><\/span><\/label><\/span><\/span><\/span>\n\t\t<\/p>\n\t<\/div>\n<\/fieldset>\n<p><input class=\"wpcf7-form-control wpcf7-submit has-spinner btn btn-primary\" id=\"newsletter-submit\" type=\"submit\" value=\"Soumettre\" \/>\n<\/p><div class=\"wpcf7-response-output\" aria-hidden=\"true\"><\/div>\n<\/form>\n<\/div>\n                        <!-- Multiple Forms -->\n                                    <div class=\"captcha-legal\"><p>This site is protected by reCAPTCHA and the Google <a href=\"https:\/\/policies.google.com\/privacy\" target=\"_blank\">Privacy Policy<\/a> and <a href=\"https:\/\/policies.google.com\/terms\" target=\"_blank\">Terms\u00a0of\u00a0Service<\/a>\u00a0apply.<\/p><\/div>        <\/div>\n    <\/div>\n<\/section>\n","protected":false},"excerpt":{"rendered":"","protected":false},"author":7,"featured_media":0,"parent":0,"menu_order":0,"comment_status":"closed","ping_status":"closed","template":"","meta":{"_acf_changed":false,"footnotes":""},"class_list":["post-2817","page","type-page","status-publish","hentry"],"acf":[],"yoast_head":"<!-- This site is optimized with the Yoast SEO plugin v25.4 - https:\/\/yoast.com\/wordpress\/plugins\/seo\/ -->\n<title>Abonnez-vous \u00e0 notre infolettre | Supply Chain Alliance<\/title>\n<meta name=\"description\" content=\"\u00c9quipez-vous de toutes les connaissances n\u00e9cessaires en mati\u00e8re de cha\u00eene d\u2019approvisionnement.\" \/>\n<meta name=\"robots\" content=\"index, follow, max-snippet:-1, max-image-preview:large, max-video-preview:-1\" \/>\n<link rel=\"canonical\" href=\"https:\/\/www.supplychainalliance.ca\/fr\/s-abonner\/\" \/>\n<meta property=\"og:locale\" content=\"fr_FR\" \/>\n<meta property=\"og:type\" content=\"article\" \/>\n<meta property=\"og:title\" content=\"Abonnez-vous \u00e0 notre infolettre | Supply Chain Alliance\" \/>\n<meta property=\"og:description\" content=\"\u00c9quipez-vous de toutes les connaissances n\u00e9cessaires en mati\u00e8re de cha\u00eene d\u2019approvisionnement.\" \/>\n<meta property=\"og:url\" content=\"https:\/\/www.supplychainalliance.ca\/fr\/s-abonner\/\" \/>\n<meta property=\"og:site_name\" content=\"Supply Chain Alliance\" \/>\n<meta property=\"article:modified_time\" content=\"2024-12-11T20:04:51+00:00\" \/>\n<meta name=\"twitter:card\" content=\"summary_large_image\" \/>\n<script type=\"application\/ld+json\" class=\"yoast-schema-graph\">{\"@context\":\"https:\/\/schema.org\",\"@graph\":[{\"@type\":\"WebPage\",\"@id\":\"https:\/\/www.supplychainalliance.ca\/fr\/s-abonner\/\",\"url\":\"https:\/\/www.supplychainalliance.ca\/fr\/s-abonner\/\",\"name\":\"Abonnez-vous \u00e0 notre infolettre | Supply Chain Alliance\",\"isPartOf\":{\"@id\":\"https:\/\/www.supplychainalliance.ca\/fr\/#website\"},\"datePublished\":\"2024-11-26T21:29:12+00:00\",\"dateModified\":\"2024-12-11T20:04:51+00:00\",\"description\":\"\u00c9quipez-vous de toutes les connaissances n\u00e9cessaires en mati\u00e8re de cha\u00eene d\u2019approvisionnement.\",\"breadcrumb\":{\"@id\":\"https:\/\/www.supplychainalliance.ca\/fr\/s-abonner\/#breadcrumb\"},\"inLanguage\":\"fr-FR\",\"potentialAction\":[{\"@type\":\"ReadAction\",\"target\":[\"https:\/\/www.supplychainalliance.ca\/fr\/s-abonner\/\"]}]},{\"@type\":\"BreadcrumbList\",\"@id\":\"https:\/\/www.supplychainalliance.ca\/fr\/s-abonner\/#breadcrumb\",\"itemListElement\":[{\"@type\":\"ListItem\",\"position\":1,\"name\":\"Page d\u2019accueil\",\"item\":\"https:\/\/www.supplychainalliance.ca\/fr\/\"},{\"@type\":\"ListItem\",\"position\":2,\"name\":\"Abonnez-vous \u00e0 notre infolettre\"}]},{\"@type\":\"WebSite\",\"@id\":\"https:\/\/www.supplychainalliance.ca\/fr\/#website\",\"url\":\"https:\/\/www.supplychainalliance.ca\/fr\/\",\"name\":\"Supply Chain Alliance\",\"description\":\"Consultants en Gestion et Strat\u00e9gie de la Cha\u00eene d&#039;Approvisionnement\",\"publisher\":{\"@id\":\"https:\/\/www.supplychainalliance.ca\/fr\/#organization\"},\"alternateName\":\"Supply Chain Alliance\",\"potentialAction\":[{\"@type\":\"SearchAction\",\"target\":{\"@type\":\"EntryPoint\",\"urlTemplate\":\"https:\/\/www.supplychainalliance.ca\/fr\/?s={search_term_string}\"},\"query-input\":{\"@type\":\"PropertyValueSpecification\",\"valueRequired\":true,\"valueName\":\"search_term_string\"}}],\"inLanguage\":\"fr-FR\"},{\"@type\":\"Organization\",\"@id\":\"https:\/\/www.supplychainalliance.ca\/fr\/#organization\",\"name\":\"Supply Chain Alliance\",\"url\":\"https:\/\/www.supplychainalliance.ca\/fr\/\",\"logo\":{\"@type\":\"ImageObject\",\"inLanguage\":\"fr-FR\",\"@id\":\"https:\/\/www.supplychainalliance.ca\/fr\/#\/schema\/logo\/image\/\",\"url\":\"https:\/\/www.supplychainalliance.ca\/app\/uploads\/2022\/12\/logo.png\",\"contentUrl\":\"https:\/\/www.supplychainalliance.ca\/app\/uploads\/2022\/12\/logo.png\",\"width\":237,\"height\":75,\"caption\":\"Supply Chain Alliance\"},\"image\":{\"@id\":\"https:\/\/www.supplychainalliance.ca\/fr\/#\/schema\/logo\/image\/\"},\"sameAs\":[\"https:\/\/www.linkedin.com\/company\/supply-chain-alliance-partners\/\"]}]}<\/script>\n<!-- \/ Yoast SEO plugin. -->","yoast_head_json":{"title":"Abonnez-vous \u00e0 notre infolettre | Supply Chain Alliance","description":"\u00c9quipez-vous de toutes les connaissances n\u00e9cessaires en mati\u00e8re de cha\u00eene d\u2019approvisionnement.","robots":{"index":"index","follow":"follow","max-snippet":"max-snippet:-1","max-image-preview":"max-image-preview:large","max-video-preview":"max-video-preview:-1"},"canonical":"https:\/\/www.supplychainalliance.ca\/fr\/s-abonner\/","og_locale":"fr_FR","og_type":"article","og_title":"Abonnez-vous \u00e0 notre infolettre | Supply Chain Alliance","og_description":"\u00c9quipez-vous de toutes les connaissances n\u00e9cessaires en mati\u00e8re de cha\u00eene d\u2019approvisionnement.","og_url":"https:\/\/www.supplychainalliance.ca\/fr\/s-abonner\/","og_site_name":"Supply Chain Alliance","article_modified_time":"2024-12-11T20:04:51+00:00","twitter_card":"summary_large_image","schema":{"@context":"https:\/\/schema.org","@graph":[{"@type":"WebPage","@id":"https:\/\/www.supplychainalliance.ca\/fr\/s-abonner\/","url":"https:\/\/www.supplychainalliance.ca\/fr\/s-abonner\/","name":"Abonnez-vous \u00e0 notre infolettre | Supply Chain Alliance","isPartOf":{"@id":"https:\/\/www.supplychainalliance.ca\/fr\/#website"},"datePublished":"2024-11-26T21:29:12+00:00","dateModified":"2024-12-11T20:04:51+00:00","description":"\u00c9quipez-vous de toutes les connaissances n\u00e9cessaires en mati\u00e8re de cha\u00eene d\u2019approvisionnement.","breadcrumb":{"@id":"https:\/\/www.supplychainalliance.ca\/fr\/s-abonner\/#breadcrumb"},"inLanguage":"fr-FR","potentialAction":[{"@type":"ReadAction","target":["https:\/\/www.supplychainalliance.ca\/fr\/s-abonner\/"]}]},{"@type":"BreadcrumbList","@id":"https:\/\/www.supplychainalliance.ca\/fr\/s-abonner\/#breadcrumb","itemListElement":[{"@type":"ListItem","position":1,"name":"Page d\u2019accueil","item":"https:\/\/www.supplychainalliance.ca\/fr\/"},{"@type":"ListItem","position":2,"name":"Abonnez-vous \u00e0 notre infolettre"}]},{"@type":"WebSite","@id":"https:\/\/www.supplychainalliance.ca\/fr\/#website","url":"https:\/\/www.supplychainalliance.ca\/fr\/","name":"Supply Chain Alliance","description":"Consultants en Gestion et Strat\u00e9gie de la Cha\u00eene d&#039;Approvisionnement","publisher":{"@id":"https:\/\/www.supplychainalliance.ca\/fr\/#organization"},"alternateName":"Supply Chain Alliance","potentialAction":[{"@type":"SearchAction","target":{"@type":"EntryPoint","urlTemplate":"https:\/\/www.supplychainalliance.ca\/fr\/?s={search_term_string}"},"query-input":{"@type":"PropertyValueSpecification","valueRequired":true,"valueName":"search_term_string"}}],"inLanguage":"fr-FR"},{"@type":"Organization","@id":"https:\/\/www.supplychainalliance.ca\/fr\/#organization","name":"Supply Chain Alliance","url":"https:\/\/www.supplychainalliance.ca\/fr\/","logo":{"@type":"ImageObject","inLanguage":"fr-FR","@id":"https:\/\/www.supplychainalliance.ca\/fr\/#\/schema\/logo\/image\/","url":"https:\/\/www.supplychainalliance.ca\/app\/uploads\/2022\/12\/logo.png","contentUrl":"https:\/\/www.supplychainalliance.ca\/app\/uploads\/2022\/12\/logo.png","width":237,"height":75,"caption":"Supply Chain Alliance"},"image":{"@id":"https:\/\/www.supplychainalliance.ca\/fr\/#\/schema\/logo\/image\/"},"sameAs":["https:\/\/www.linkedin.com\/company\/supply-chain-alliance-partners\/"]}]}},"_links":{"self":[{"href":"https:\/\/www.supplychainalliance.ca\/fr\/wp-json\/wp\/v2\/pages\/2817","targetHints":{"allow":["GET"]}}],"collection":[{"href":"https:\/\/www.supplychainalliance.ca\/fr\/wp-json\/wp\/v2\/pages"}],"about":[{"href":"https:\/\/www.supplychainalliance.ca\/fr\/wp-json\/wp\/v2\/types\/page"}],"author":[{"embeddable":true,"href":"https:\/\/www.supplychainalliance.ca\/fr\/wp-json\/wp\/v2\/users\/7"}],"replies":[{"embeddable":true,"href":"https:\/\/www.supplychainalliance.ca\/fr\/wp-json\/wp\/v2\/comments?post=2817"}],"version-history":[{"count":6,"href":"https:\/\/www.supplychainalliance.ca\/fr\/wp-json\/wp\/v2\/pages\/2817\/revisions"}],"predecessor-version":[{"id":2866,"href":"https:\/\/www.supplychainalliance.ca\/fr\/wp-json\/wp\/v2\/pages\/2817\/revisions\/2866"}],"wp:attachment":[{"href":"https:\/\/www.supplychainalliance.ca\/fr\/wp-json\/wp\/v2\/media?parent=2817"}],"curies":[{"name":"wp","href":"https:\/\/api.w.org\/{rel}","templated":true}]}}